{"id":25627,"date":"2023-03-23T22:55:01","date_gmt":"2023-03-23T21:55:01","guid":{"rendered":"https:\/\/tuszuj.pl\/?post_type=product&#038;p=25627"},"modified":"2024-05-05T17:02:23","modified_gmt":"2024-05-05T15:02:23","slug":"rolka-termiczna-57x100","status":"publish","type":"product","link":"https:\/\/tuszuj.pl\/?product=rolka-termiczna-57x100","title":{"rendered":"Rolka termiczna 57&#215;100"},"content":{"rendered":"<p>Rolki termiczne przeznaczone do terminali p\u0142atniczych i kas fiskalnych pracuj\u0105cych w systemie termonadruku.<br \/>\nSzeroko\u015b\u0107 rolki &#8211; 57 mm<br \/>\nD\u0142ugo\u015b\u0107 rolki &#8211; 100 m (+\/- 3%)<br \/>\nWykonane s\u0105 z papieru termoczu\u0142ego o gramaturze 45-55 g\/m2<br \/>\nPakowane po 4 w zgrzewce<\/p>\n<p>Cena dotyczy 1 rolki<\/p>\n<p>Na \u017cyczenie klienta wykonujemy rolki termiczne z personalizowanym nadrukiem.<br \/>\nProjekt nadruku mo\u017ce by\u0107 dostarczony przez Klienta (podamy wytyczne dotycz\u0105ce grafiki) lub mo\u017ce by\u0107 wykonany przez nasz dzia\u0142 graficzny. Nadruk mo\u017ce by\u0107 jedno lub wielokolorowy.<br \/>\nPrzed drukiem projekt ko\u0144cowy podlega akceptacji Klienta<\/p>\n","protected":false},"excerpt":{"rendered":"<p>Rolki termiczne przeznaczone do terminali p\u0142atniczych i kas fiskalnych pracuj\u0105cych w systemie termonadruku. Szeroko\u015b\u0107 rolki &#8211; 57 mm D\u0142ugo\u015b\u0107 rolki &#8211; 100 m (+\/- 3%) Wykonane s\u0105 z papieru termoczu\u0142ego o gramaturze 45-55 g\/m2 Pakowane po 4 w zgrzewce Cena dotyczy 1 rolki Na \u017cyczenie klienta wykonujemy rolki termiczne z personalizowanym nadrukiem. Projekt nadruku mo\u017ce [&hellip;]<\/p>\n","protected":false},"featured_media":25638,"template":"","meta":{"jetpack_post_was_ever_published":false,"jetpack_publicize_message":"","jetpack_publicize_feature_enabled":true,"jetpack_social_post_already_shared":true,"jetpack_social_options":{"image_generator_settings":{"template":"highway","enabled":false}}},"product_cat":[278,293],"product_tag":[],"jetpack_publicize_connections":[],"jetpack_sharing_enabled":true,"_links":{"self":[{"href":"https:\/\/tuszuj.pl\/index.php?rest_route=\/wp\/v2\/product\/25627"}],"collection":[{"href":"https:\/\/tuszuj.pl\/index.php?rest_route=\/wp\/v2\/product"}],"about":[{"href":"https:\/\/tuszuj.pl\/index.php?rest_route=\/wp\/v2\/types\/product"}],"wp:featuredmedia":[{"embeddable":true,"href":"https:\/\/tuszuj.pl\/index.php?rest_route=\/wp\/v2\/media\/25638"}],"wp:attachment":[{"href":"https:\/\/tuszuj.pl\/index.php?rest_route=%2Fwp%2Fv2%2Fmedia&parent=25627"}],"wp:term":[{"taxonomy":"product_cat","embeddable":true,"href":"https:\/\/tuszuj.pl\/index.php?rest_route=%2Fwp%2Fv2%2Fproduct_cat&post=25627"},{"taxonomy":"product_tag","embeddable":true,"href":"https:\/\/tuszuj.pl\/index.php?rest_route=%2Fwp%2Fv2%2Fproduct_tag&post=25627"}],"curies":[{"name":"wp","href":"https:\/\/api.w.org\/{rel}","templated":true}]}}