{"id":25629,"date":"2023-03-30T18:08:51","date_gmt":"2023-03-30T16:08:51","guid":{"rendered":"https:\/\/tuszuj.pl\/?post_type=product&#038;p=25629"},"modified":"2024-01-12T16:13:31","modified_gmt":"2024-01-12T15:13:31","slug":"etykieta-samoprzylepna-a4-a100-best-choice","status":"publish","type":"product","link":"https:\/\/tuszuj.pl\/?product=etykieta-samoprzylepna-a4-a100-best-choice","title":{"rendered":"Etykieta samoprzylepna A4 a&#8217;100 Best Choice"},"content":{"rendered":"<p>Opakowanie zawiera 100 arkuszy etykiety w formacie A4<br \/>\nMo\u017cna stosowa\u0107 w drukarkach laserowych, atramentowych i kopiarkach<\/p>\n<p>UWAGA!<br \/>\nIndex wykrojnika prosimy wskaza\u0107 w &#8222;uwagach do zam\u00f3wienia&#8221;<\/p>\n","protected":false},"excerpt":{"rendered":"<p>Opakowanie zawiera 100 arkuszy etykiety w formacie A4 Mo\u017cna stosowa\u0107 w drukarkach laserowych, atramentowych i kopiarkach UWAGA! Index wykrojnika prosimy wskaza\u0107 w &#8222;uwagach do zam\u00f3wienia&#8221;<\/p>\n","protected":false},"featured_media":25642,"template":"","meta":{"jetpack_post_was_ever_published":false,"jetpack_publicize_message":"","jetpack_publicize_feature_enabled":true,"jetpack_social_post_already_shared":true,"jetpack_social_options":{"image_generator_settings":{"template":"highway","enabled":false}}},"product_cat":[278],"product_tag":[],"jetpack_publicize_connections":[],"jetpack_sharing_enabled":true,"_links":{"self":[{"href":"https:\/\/tuszuj.pl\/index.php?rest_route=\/wp\/v2\/product\/25629"}],"collection":[{"href":"https:\/\/tuszuj.pl\/index.php?rest_route=\/wp\/v2\/product"}],"about":[{"href":"https:\/\/tuszuj.pl\/index.php?rest_route=\/wp\/v2\/types\/product"}],"wp:featuredmedia":[{"embeddable":true,"href":"https:\/\/tuszuj.pl\/index.php?rest_route=\/wp\/v2\/media\/25642"}],"wp:attachment":[{"href":"https:\/\/tuszuj.pl\/index.php?rest_route=%2Fwp%2Fv2%2Fmedia&parent=25629"}],"wp:term":[{"taxonomy":"product_cat","embeddable":true,"href":"https:\/\/tuszuj.pl\/index.php?rest_route=%2Fwp%2Fv2%2Fproduct_cat&post=25629"},{"taxonomy":"product_tag","embeddable":true,"href":"https:\/\/tuszuj.pl\/index.php?rest_route=%2Fwp%2Fv2%2Fproduct_tag&post=25629"}],"curies":[{"name":"wp","href":"https:\/\/api.w.org\/{rel}","templated":true}]}}