{"id":25645,"date":"2023-04-14T17:59:00","date_gmt":"2023-04-14T15:59:00","guid":{"rendered":"https:\/\/tuszuj.pl\/?post_type=product&#038;p=25645"},"modified":"2024-05-05T16:55:38","modified_gmt":"2024-05-05T14:55:38","slug":"papier-ksero-a4-hp-copy","status":"publish","type":"product","link":"https:\/\/tuszuj.pl\/?product=papier-ksero-a4-hp-copy","title":{"rendered":"Papier ksero A4 HP Copy"},"content":{"rendered":"<p>Papier ksero HP COPY, A4, klasa C, 80gsm, 500 ark.<br \/>\ncertyfikat FSC\u00ae<\/p>\n<p>    W\u0142a\u015bciwy wyb\u00f3r dla spe\u0142nienia wszystkich codziennych potrzeb biurowych<br \/>\n    Zaprojektowany z my\u015bl\u0105 o odporno\u015bci na zaci\u0119cia<br \/>\n    Odpowiedni do u\u017cytku we wszystkich drukarkach i kopiarkach laserowych oraz atramentowych<br \/>\n    Doskona\u0142y do drukowania notatek, szkic\u00f3w, wiadomo\u015bci e-mail, raport\u00f3w, dokument\u00f3w<br \/>\n    wewn\u0119trznych i kopii<br \/>\n    Zapewnia doskona\u0142e rezultaty druku czarno-bia\u0142ego<br \/>\n    Gramatura (ISO 536) 80 +\/- 2 g\/m2<br \/>\n    Bia\u0142o\u015b\u0107 (ISO 11475) 146 +\/- 3 CIE<br \/>\n    Grubo\u015b\u0107 (ISO 534) 106 +\/- 3 \u00b5m<br \/>\n    G\u0142adko\u015b\u0107 (ISO 5627) 220 +\/- 50 Bendtsen ml\/min<br \/>\n    Nieprzezroczysto\u015b\u0107 (ISO 2471) 92 +\/- 2 %<br \/>\n    Format: A4<br \/>\n    Kolor: bia\u0142y<br \/>\nPaleta &#8211; 240 ryz<\/p>\n","protected":false},"excerpt":{"rendered":"<p>Papier ksero HP COPY, A4, klasa C, 80gsm, 500 ark. certyfikat FSC\u00ae W\u0142a\u015bciwy wyb\u00f3r dla spe\u0142nienia wszystkich codziennych potrzeb biurowych Zaprojektowany z my\u015bl\u0105 o odporno\u015bci na zaci\u0119cia Odpowiedni do u\u017cytku we wszystkich drukarkach i kopiarkach laserowych oraz atramentowych Doskona\u0142y do drukowania notatek, szkic\u00f3w, wiadomo\u015bci e-mail, raport\u00f3w, dokument\u00f3w wewn\u0119trznych i kopii Zapewnia doskona\u0142e rezultaty druku czarno-bia\u0142ego [&hellip;]<\/p>\n","protected":false},"featured_media":25646,"template":"","meta":{"jetpack_post_was_ever_published":false,"jetpack_publicize_message":"","jetpack_publicize_feature_enabled":true,"jetpack_social_post_already_shared":true,"jetpack_social_options":{"image_generator_settings":{"template":"highway","enabled":false}}},"product_cat":[278,292],"product_tag":[],"jetpack_publicize_connections":[],"jetpack_sharing_enabled":true,"_links":{"self":[{"href":"https:\/\/tuszuj.pl\/index.php?rest_route=\/wp\/v2\/product\/25645"}],"collection":[{"href":"https:\/\/tuszuj.pl\/index.php?rest_route=\/wp\/v2\/product"}],"about":[{"href":"https:\/\/tuszuj.pl\/index.php?rest_route=\/wp\/v2\/types\/product"}],"wp:featuredmedia":[{"embeddable":true,"href":"https:\/\/tuszuj.pl\/index.php?rest_route=\/wp\/v2\/media\/25646"}],"wp:attachment":[{"href":"https:\/\/tuszuj.pl\/index.php?rest_route=%2Fwp%2Fv2%2Fmedia&parent=25645"}],"wp:term":[{"taxonomy":"product_cat","embeddable":true,"href":"https:\/\/tuszuj.pl\/index.php?rest_route=%2Fwp%2Fv2%2Fproduct_cat&post=25645"},{"taxonomy":"product_tag","embeddable":true,"href":"https:\/\/tuszuj.pl\/index.php?rest_route=%2Fwp%2Fv2%2Fproduct_tag&post=25645"}],"curies":[{"name":"wp","href":"https:\/\/api.w.org\/{rel}","templated":true}]}}