{"id":25677,"date":"2024-01-17T17:13:00","date_gmt":"2024-01-17T16:13:00","guid":{"rendered":"https:\/\/tuszuj.pl\/?post_type=product&#038;p=25677"},"modified":"2024-05-05T16:22:43","modified_gmt":"2024-05-05T14:22:43","slug":"koperta-c6-sk-biala-a50-bong","status":"publish","type":"product","link":"https:\/\/tuszuj.pl\/?product=koperta-c6-sk-biala-a50-bong","title":{"rendered":"Koperta C6 SK bia\u0142a a&#8217;50 BONG"},"content":{"rendered":"<p>Koperty zamykane na d\u0142ugim boku, samoklej\u0105ce bez paska, wymiary 114 mm x 162 mm<br \/>\nJednostka sprzeda\u017cy \u2013 1 opakowanie<\/p>\n","protected":false},"excerpt":{"rendered":"<p>Koperty zamykane na d\u0142ugim boku, samoklej\u0105ce bez paska, wymiary 114 mm x 162 mm Jednostka sprzeda\u017cy \u2013 1 opakowanie<\/p>\n","protected":false},"featured_media":25678,"template":"","meta":{"jetpack_post_was_ever_published":false,"jetpack_publicize_message":"","jetpack_publicize_feature_enabled":true,"jetpack_social_post_already_shared":true,"jetpack_social_options":{"image_generator_settings":{"template":"highway","enabled":false}}},"product_cat":[278,281],"product_tag":[],"jetpack_publicize_connections":[],"jetpack_sharing_enabled":true,"_links":{"self":[{"href":"https:\/\/tuszuj.pl\/index.php?rest_route=\/wp\/v2\/product\/25677"}],"collection":[{"href":"https:\/\/tuszuj.pl\/index.php?rest_route=\/wp\/v2\/product"}],"about":[{"href":"https:\/\/tuszuj.pl\/index.php?rest_route=\/wp\/v2\/types\/product"}],"wp:featuredmedia":[{"embeddable":true,"href":"https:\/\/tuszuj.pl\/index.php?rest_route=\/wp\/v2\/media\/25678"}],"wp:attachment":[{"href":"https:\/\/tuszuj.pl\/index.php?rest_route=%2Fwp%2Fv2%2Fmedia&parent=25677"}],"wp:term":[{"taxonomy":"product_cat","embeddable":true,"href":"https:\/\/tuszuj.pl\/index.php?rest_route=%2Fwp%2Fv2%2Fproduct_cat&post=25677"},{"taxonomy":"product_tag","embeddable":true,"href":"https:\/\/tuszuj.pl\/index.php?rest_route=%2Fwp%2Fv2%2Fproduct_tag&post=25677"}],"curies":[{"name":"wp","href":"https:\/\/api.w.org\/{rel}","templated":true}]}}