{"id":25683,"date":"2024-01-17T17:30:39","date_gmt":"2024-01-17T16:30:39","guid":{"rendered":"https:\/\/tuszuj.pl\/?post_type=product&#038;p=25683"},"modified":"2024-05-05T16:22:43","modified_gmt":"2024-05-05T14:22:43","slug":"koperta-c5-hk-biala-a50-bong","status":"publish","type":"product","link":"https:\/\/tuszuj.pl\/?product=koperta-c5-hk-biala-a50-bong","title":{"rendered":"Koperta C5 HK bia\u0142a a\u201950 BONG"},"content":{"rendered":"<p>Koperty zamykane na kr\u00f3tkim boku, samoklej\u0105ce z paskiem, wymiary 162 mm x 229 mm<br \/>\nJednostka sprzeda\u017cy \u2013 1 opakowanie<\/p>\n","protected":false},"excerpt":{"rendered":"<p>Koperty zamykane na kr\u00f3tkim boku, samoklej\u0105ce z paskiem, wymiary 162 mm x 229 mm Jednostka sprzeda\u017cy \u2013 1 opakowanie<\/p>\n","protected":false},"featured_media":25684,"template":"","meta":{"jetpack_post_was_ever_published":false,"jetpack_publicize_message":"","jetpack_publicize_feature_enabled":true,"jetpack_social_post_already_shared":true,"jetpack_social_options":{"image_generator_settings":{"template":"highway","enabled":false}}},"product_cat":[278,281],"product_tag":[],"jetpack_publicize_connections":[],"jetpack_sharing_enabled":true,"_links":{"self":[{"href":"https:\/\/tuszuj.pl\/index.php?rest_route=\/wp\/v2\/product\/25683"}],"collection":[{"href":"https:\/\/tuszuj.pl\/index.php?rest_route=\/wp\/v2\/product"}],"about":[{"href":"https:\/\/tuszuj.pl\/index.php?rest_route=\/wp\/v2\/types\/product"}],"wp:featuredmedia":[{"embeddable":true,"href":"https:\/\/tuszuj.pl\/index.php?rest_route=\/wp\/v2\/media\/25684"}],"wp:attachment":[{"href":"https:\/\/tuszuj.pl\/index.php?rest_route=%2Fwp%2Fv2%2Fmedia&parent=25683"}],"wp:term":[{"taxonomy":"product_cat","embeddable":true,"href":"https:\/\/tuszuj.pl\/index.php?rest_route=%2Fwp%2Fv2%2Fproduct_cat&post=25683"},{"taxonomy":"product_tag","embeddable":true,"href":"https:\/\/tuszuj.pl\/index.php?rest_route=%2Fwp%2Fv2%2Fproduct_tag&post=25683"}],"curies":[{"name":"wp","href":"https:\/\/api.w.org\/{rel}","templated":true}]}}