{"id":25692,"date":"2024-01-18T13:07:07","date_gmt":"2024-01-18T12:07:07","guid":{"rendered":"https:\/\/tuszuj.pl\/?post_type=product&#038;p=25692"},"modified":"2024-01-19T09:03:56","modified_gmt":"2024-01-19T08:03:56","slug":"korektor-w-tasmie-pentel-ztt-15-5mm-12m","status":"publish","type":"product","link":"https:\/\/tuszuj.pl\/?product=korektor-w-tasmie-pentel-ztt-15-5mm-12m","title":{"rendered":"Korektor w ta\u015bmie Pentel ZTT-15 (5mm\/12m)"},"content":{"rendered":"<p>Wysokiej jako\u015bci korektor z trwa\u0142\u0105 poliestrow\u0105 ta\u015bm\u0105 koryguj\u0105c\u0105. Mo\u017cliwo\u015b\u0107 natychmiastowego pisania po korygowanej powierzchni. Rewelacyjny ruchomy mechanizm zabezpieczaj\u0105cy chroni ta\u015bm\u0119 przed zabrudzeniem i uszkodzeniem. Korektor jest przyjazny dla \u015brodowiska, nietoksyczny i nie zawiera rozpuszczalnik\u00f3w.<\/p>\n<p>Specyfikacja:<br \/>\nD\u0142ugo\u015b\u0107 ta\u015bmy &#8211; 12 m<br \/>\nSzeroko\u015b\u0107 ta\u015bmy\t&#8211; 5 mm<br \/>\nWaga produktu &#8211; 18.0 g<\/p>\n<p>Kod EAN: 4711577014937<\/p>\n","protected":false},"excerpt":{"rendered":"<p>Wysokiej jako\u015bci korektor z trwa\u0142\u0105 poliestrow\u0105 ta\u015bm\u0105 koryguj\u0105c\u0105. Mo\u017cliwo\u015b\u0107 natychmiastowego pisania po korygowanej powierzchni. Rewelacyjny ruchomy mechanizm zabezpieczaj\u0105cy chroni ta\u015bm\u0119 przed zabrudzeniem i uszkodzeniem. Korektor jest przyjazny dla \u015brodowiska, nietoksyczny i nie zawiera rozpuszczalnik\u00f3w. Specyfikacja: D\u0142ugo\u015b\u0107 ta\u015bmy &#8211; 12 m Szeroko\u015b\u0107 ta\u015bmy &#8211; 5 mm Waga produktu &#8211; 18.0 g Kod EAN: 4711577014937<\/p>\n","protected":false},"featured_media":25696,"template":"","meta":{"jetpack_post_was_ever_published":false,"jetpack_publicize_message":"","jetpack_publicize_feature_enabled":true,"jetpack_social_post_already_shared":true,"jetpack_social_options":{"image_generator_settings":{"template":"highway","enabled":false}}},"product_cat":[278],"product_tag":[],"jetpack_publicize_connections":[],"jetpack_sharing_enabled":true,"_links":{"self":[{"href":"https:\/\/tuszuj.pl\/index.php?rest_route=\/wp\/v2\/product\/25692"}],"collection":[{"href":"https:\/\/tuszuj.pl\/index.php?rest_route=\/wp\/v2\/product"}],"about":[{"href":"https:\/\/tuszuj.pl\/index.php?rest_route=\/wp\/v2\/types\/product"}],"wp:featuredmedia":[{"embeddable":true,"href":"https:\/\/tuszuj.pl\/index.php?rest_route=\/wp\/v2\/media\/25696"}],"wp:attachment":[{"href":"https:\/\/tuszuj.pl\/index.php?rest_route=%2Fwp%2Fv2%2Fmedia&parent=25692"}],"wp:term":[{"taxonomy":"product_cat","embeddable":true,"href":"https:\/\/tuszuj.pl\/index.php?rest_route=%2Fwp%2Fv2%2Fproduct_cat&post=25692"},{"taxonomy":"product_tag","embeddable":true,"href":"https:\/\/tuszuj.pl\/index.php?rest_route=%2Fwp%2Fv2%2Fproduct_tag&post=25692"}],"curies":[{"name":"wp","href":"https:\/\/api.w.org\/{rel}","templated":true}]}}