{"id":25697,"date":"2024-01-19T08:49:03","date_gmt":"2024-01-19T07:49:03","guid":{"rendered":"https:\/\/tuszuj.pl\/?post_type=product&#038;p=25697"},"modified":"2024-05-27T11:03:56","modified_gmt":"2024-05-27T09:03:56","slug":"gumka-pentel-zeh-03","status":"publish","type":"product","link":"https:\/\/tuszuj.pl\/?product=gumka-pentel-zeh-03","title":{"rendered":"GUMKA PENTEL ZEH-03"},"content":{"rendered":"<p>Bardzo popularna na ca\u0142ym \u015bwiecie gumka o\u0142\u00f3wkowa Hi-Polymer. Wyj\u0105tkowo gi\u0119tka i mi\u0119kka, dzia\u0142a bez potrzeby mocnego dociskania do powierzchni. Nie narusza struktury papieru, pozostawia zeszyty, dokumenty oraz notatki w doskona\u0142ym stanie. Nie p\u0119ka, nie twardnieje, nie brudzi si\u0119. Pozostawia ma\u0142\u0105 ilo\u015b\u0107 \u015bcinek. Nie zawiera szkodliwych substancji takich jak lateks i ftalany. Wykonana z Hexamoll\u00ae DINCH*.  Jest bezpieczna dla dzieci.<\/p>\n<p>Cechy produktu:<br \/>\n&#8211; Idealna do stosowania na papierze<br \/>\n&#8211; Doskonale wyciera o\u0142\u00f3wek<br \/>\n&#8211; Nie narusza struktury papieru<br \/>\n&#8211; Bardzo mi\u0119kka. Nie wymaga dociskania do powierzchni<br \/>\n&#8211; Nie twardnieje i nie p\u0119ka z up\u0142ywem czasu<\/p>\n","protected":false},"excerpt":{"rendered":"<p>Bardzo popularna na ca\u0142ym \u015bwiecie gumka o\u0142\u00f3wkowa Hi-Polymer. Wyj\u0105tkowo gi\u0119tka i mi\u0119kka, dzia\u0142a bez potrzeby mocnego dociskania do powierzchni. Nie narusza struktury papieru, pozostawia zeszyty, dokumenty oraz notatki w doskona\u0142ym stanie. Nie p\u0119ka, nie twardnieje, nie brudzi si\u0119. Pozostawia ma\u0142\u0105 ilo\u015b\u0107 \u015bcinek. Nie zawiera szkodliwych substancji takich jak lateks i ftalany. Wykonana z Hexamoll\u00ae DINCH*. [&hellip;]<\/p>\n","protected":false},"featured_media":25703,"template":"","meta":{"jetpack_post_was_ever_published":false,"jetpack_publicize_message":"","jetpack_publicize_feature_enabled":true,"jetpack_social_post_already_shared":true,"jetpack_social_options":{"image_generator_settings":{"template":"highway","enabled":false}}},"product_cat":[278,289],"product_tag":[],"jetpack_publicize_connections":[],"jetpack_sharing_enabled":true,"_links":{"self":[{"href":"https:\/\/tuszuj.pl\/index.php?rest_route=\/wp\/v2\/product\/25697"}],"collection":[{"href":"https:\/\/tuszuj.pl\/index.php?rest_route=\/wp\/v2\/product"}],"about":[{"href":"https:\/\/tuszuj.pl\/index.php?rest_route=\/wp\/v2\/types\/product"}],"wp:featuredmedia":[{"embeddable":true,"href":"https:\/\/tuszuj.pl\/index.php?rest_route=\/wp\/v2\/media\/25703"}],"wp:attachment":[{"href":"https:\/\/tuszuj.pl\/index.php?rest_route=%2Fwp%2Fv2%2Fmedia&parent=25697"}],"wp:term":[{"taxonomy":"product_cat","embeddable":true,"href":"https:\/\/tuszuj.pl\/index.php?rest_route=%2Fwp%2Fv2%2Fproduct_cat&post=25697"},{"taxonomy":"product_tag","embeddable":true,"href":"https:\/\/tuszuj.pl\/index.php?rest_route=%2Fwp%2Fv2%2Fproduct_tag&post=25697"}],"curies":[{"name":"wp","href":"https:\/\/api.w.org\/{rel}","templated":true}]}}