{"id":25704,"date":"2024-01-19T09:17:31","date_gmt":"2024-01-19T08:17:31","guid":{"rendered":"https:\/\/tuszuj.pl\/?post_type=product&#038;p=25704"},"modified":"2024-05-05T16:39:06","modified_gmt":"2024-05-05T14:39:06","slug":"gumka-pentel-zeh-05","status":"publish","type":"product","link":"https:\/\/tuszuj.pl\/?product=gumka-pentel-zeh-05","title":{"rendered":"Gumka PENTEL ZEH-05"},"content":{"rendered":"<p>&#8211; Idealna do stosowania na papierze<br \/>\n&#8211; Doskonale wyciera o\u0142\u00f3wek<br \/>\n&#8211; Nie narusza struktury papieru<br \/>\n&#8211; Bardzo mi\u0119kka. Nie wymaga dociskania do powierzchni<br \/>\n&#8211; Nie twardnieje i nie p\u0119ka z up\u0142ywem czasu<\/p>\n<p>Wymiary: 43 x 17.4 x 11.7 mm<\/p>\n","protected":false},"excerpt":{"rendered":"<p>&#8211; Idealna do stosowania na papierze &#8211; Doskonale wyciera o\u0142\u00f3wek &#8211; Nie narusza struktury papieru &#8211; Bardzo mi\u0119kka. Nie wymaga dociskania do powierzchni &#8211; Nie twardnieje i nie p\u0119ka z up\u0142ywem czasu Wymiary: 43 x 17.4 x 11.7 mm<\/p>\n","protected":false},"featured_media":25705,"template":"","meta":{"jetpack_post_was_ever_published":false,"jetpack_publicize_message":"","jetpack_publicize_feature_enabled":true,"jetpack_social_post_already_shared":true,"jetpack_social_options":{"image_generator_settings":{"template":"highway","enabled":false}}},"product_cat":[278,289],"product_tag":[],"jetpack_publicize_connections":[],"jetpack_sharing_enabled":true,"_links":{"self":[{"href":"https:\/\/tuszuj.pl\/index.php?rest_route=\/wp\/v2\/product\/25704"}],"collection":[{"href":"https:\/\/tuszuj.pl\/index.php?rest_route=\/wp\/v2\/product"}],"about":[{"href":"https:\/\/tuszuj.pl\/index.php?rest_route=\/wp\/v2\/types\/product"}],"wp:featuredmedia":[{"embeddable":true,"href":"https:\/\/tuszuj.pl\/index.php?rest_route=\/wp\/v2\/media\/25705"}],"wp:attachment":[{"href":"https:\/\/tuszuj.pl\/index.php?rest_route=%2Fwp%2Fv2%2Fmedia&parent=25704"}],"wp:term":[{"taxonomy":"product_cat","embeddable":true,"href":"https:\/\/tuszuj.pl\/index.php?rest_route=%2Fwp%2Fv2%2Fproduct_cat&post=25704"},{"taxonomy":"product_tag","embeddable":true,"href":"https:\/\/tuszuj.pl\/index.php?rest_route=%2Fwp%2Fv2%2Fproduct_tag&post=25704"}],"curies":[{"name":"wp","href":"https:\/\/api.w.org\/{rel}","templated":true}]}}