{"id":25709,"date":"2024-01-19T09:34:42","date_gmt":"2024-01-19T08:34:42","guid":{"rendered":"https:\/\/tuszuj.pl\/?post_type=product&#038;p=25709"},"modified":"2024-05-05T16:38:19","modified_gmt":"2024-05-05T14:38:19","slug":"gumka-pentel-slim","status":"publish","type":"product","link":"https:\/\/tuszuj.pl\/?product=gumka-pentel-slim","title":{"rendered":"GUMKA PENTEL SLIM"},"content":{"rendered":"<p>Gumka o\u0142\u00f3wkowa o cienkim, smuk\u0142ym korpusie, kt\u00f3ry u\u0142atwia precyzyjne wymazywanie. Wygodna w manewrowaniu, elastyczna i mi\u0119kka. Dzia\u0142a bez potrzeby mocnego dociskania. Nie narusza struktury papieru, pozostawia dokumenty w doskona\u0142ym stanie. Nie p\u0119ka, nie twardnieje, nie brudzi si\u0119. Pozostawia ma\u0142\u0105 ilo\u015b\u0107 \u015bcinek. Nie zawiera szkodliwych substancji takich jak lateks i ftalany. Jest bezpieczna dla dzieci.<\/p>\n<p>D\u0142ugo\u015b\u0107 produktu &#8211; 65 mm<br \/>\nWaga produktu &#8211; 13.1 g<\/p>\n","protected":false},"excerpt":{"rendered":"<p>Gumka o\u0142\u00f3wkowa o cienkim, smuk\u0142ym korpusie, kt\u00f3ry u\u0142atwia precyzyjne wymazywanie. Wygodna w manewrowaniu, elastyczna i mi\u0119kka. Dzia\u0142a bez potrzeby mocnego dociskania. Nie narusza struktury papieru, pozostawia dokumenty w doskona\u0142ym stanie. Nie p\u0119ka, nie twardnieje, nie brudzi si\u0119. Pozostawia ma\u0142\u0105 ilo\u015b\u0107 \u015bcinek. Nie zawiera szkodliwych substancji takich jak lateks i ftalany. Jest bezpieczna dla dzieci. D\u0142ugo\u015b\u0107 [&hellip;]<\/p>\n","protected":false},"featured_media":25710,"template":"","meta":{"jetpack_post_was_ever_published":false,"jetpack_publicize_message":"","jetpack_publicize_feature_enabled":true,"jetpack_social_post_already_shared":true,"jetpack_social_options":{"image_generator_settings":{"template":"highway","enabled":false}}},"product_cat":[278,289],"product_tag":[],"jetpack_publicize_connections":[],"jetpack_sharing_enabled":true,"_links":{"self":[{"href":"https:\/\/tuszuj.pl\/index.php?rest_route=\/wp\/v2\/product\/25709"}],"collection":[{"href":"https:\/\/tuszuj.pl\/index.php?rest_route=\/wp\/v2\/product"}],"about":[{"href":"https:\/\/tuszuj.pl\/index.php?rest_route=\/wp\/v2\/types\/product"}],"wp:featuredmedia":[{"embeddable":true,"href":"https:\/\/tuszuj.pl\/index.php?rest_route=\/wp\/v2\/media\/25710"}],"wp:attachment":[{"href":"https:\/\/tuszuj.pl\/index.php?rest_route=%2Fwp%2Fv2%2Fmedia&parent=25709"}],"wp:term":[{"taxonomy":"product_cat","embeddable":true,"href":"https:\/\/tuszuj.pl\/index.php?rest_route=%2Fwp%2Fv2%2Fproduct_cat&post=25709"},{"taxonomy":"product_tag","embeddable":true,"href":"https:\/\/tuszuj.pl\/index.php?rest_route=%2Fwp%2Fv2%2Fproduct_tag&post=25709"}],"curies":[{"name":"wp","href":"https:\/\/api.w.org\/{rel}","templated":true}]}}