{"id":25714,"date":"2024-01-19T10:42:05","date_gmt":"2024-01-19T09:42:05","guid":{"rendered":"https:\/\/tuszuj.pl\/?post_type=product&#038;p=25714"},"modified":"2024-05-05T16:30:23","modified_gmt":"2024-05-05T14:30:23","slug":"klej-w-sztyfcie-pentel-8g","status":"publish","type":"product","link":"https:\/\/tuszuj.pl\/?product=klej-w-sztyfcie-pentel-8g","title":{"rendered":"Klej w sztyfcie PENTEL 8g"},"content":{"rendered":"<p>Popularny klej biurowy w sztyfcie. Niezb\u0119dny podczas zabaw z dzie\u0107mi. Kszta\u0142tuje i rozwija zdolno\u015bci manualne. Umo\u017cliwia skomplikowane zabiegi plastyczne i techniczne podczas pracy z papierem. Pomaga w konstruowaniu zabawek, laurek i dekoracji. Wyprofilowany sztyft zapewnia precyzyjne dozowanie kleju. Gwarantuje estetyk\u0119 prac artystycznych i dokument\u00f3w biurowych. Sprawdza si\u0119 w profesjonalnych pracowniach technicznych i biurach oraz w domu i szkole.<\/p>\n<p>Cechy produktu:<br \/>\n&#8211; Idealny do klejenia papieru i fotografii<br \/>\n&#8211; Nietoksyczny, niebrudz\u0105cy, zmywalny<br \/>\n&#8211; \u0141atwy w u\u017cyciu<br \/>\n&#8211; Precyzyjny i trwa\u0142y<br \/>\n&#8211; Pojemno\u015b\u0107: 8g<\/p>\n","protected":false},"excerpt":{"rendered":"<p>Popularny klej biurowy w sztyfcie. Niezb\u0119dny podczas zabaw z dzie\u0107mi. Kszta\u0142tuje i rozwija zdolno\u015bci manualne. Umo\u017cliwia skomplikowane zabiegi plastyczne i techniczne podczas pracy z papierem. Pomaga w konstruowaniu zabawek, laurek i dekoracji. Wyprofilowany sztyft zapewnia precyzyjne dozowanie kleju. Gwarantuje estetyk\u0119 prac artystycznych i dokument\u00f3w biurowych. Sprawdza si\u0119 w profesjonalnych pracowniach technicznych i biurach oraz w [&hellip;]<\/p>\n","protected":false},"featured_media":25715,"template":"","meta":{"jetpack_post_was_ever_published":false,"jetpack_publicize_message":"","jetpack_publicize_feature_enabled":true,"jetpack_social_post_already_shared":true,"jetpack_social_options":{"image_generator_settings":{"template":"highway","enabled":false}}},"product_cat":[278,287],"product_tag":[],"jetpack_publicize_connections":[],"jetpack_sharing_enabled":true,"_links":{"self":[{"href":"https:\/\/tuszuj.pl\/index.php?rest_route=\/wp\/v2\/product\/25714"}],"collection":[{"href":"https:\/\/tuszuj.pl\/index.php?rest_route=\/wp\/v2\/product"}],"about":[{"href":"https:\/\/tuszuj.pl\/index.php?rest_route=\/wp\/v2\/types\/product"}],"wp:featuredmedia":[{"embeddable":true,"href":"https:\/\/tuszuj.pl\/index.php?rest_route=\/wp\/v2\/media\/25715"}],"wp:attachment":[{"href":"https:\/\/tuszuj.pl\/index.php?rest_route=%2Fwp%2Fv2%2Fmedia&parent=25714"}],"wp:term":[{"taxonomy":"product_cat","embeddable":true,"href":"https:\/\/tuszuj.pl\/index.php?rest_route=%2Fwp%2Fv2%2Fproduct_cat&post=25714"},{"taxonomy":"product_tag","embeddable":true,"href":"https:\/\/tuszuj.pl\/index.php?rest_route=%2Fwp%2Fv2%2Fproduct_tag&post=25714"}],"curies":[{"name":"wp","href":"https:\/\/api.w.org\/{rel}","templated":true}]}}