{"id":25718,"date":"2024-01-19T10:52:34","date_gmt":"2024-01-19T09:52:34","guid":{"rendered":"https:\/\/tuszuj.pl\/?post_type=product&#038;p=25718"},"modified":"2024-05-05T16:30:21","modified_gmt":"2024-05-05T14:30:21","slug":"25718","status":"publish","type":"product","link":"https:\/\/tuszuj.pl\/?product=25718","title":{"rendered":"Klej w p\u0142ynie PENTEL z gumow\u0105 rolk\u0105 30ml"},"content":{"rendered":"<p>Wygodna i \u0142atwa w u\u017cytkowaniu rolka porcjuje odpowiedni\u0105 ilo\u015b\u0107 kleju. Nie dochodzi do kumulacji oraz gwa\u0142townego wydostawania si\u0119 p\u0142ynu na materia\u0142. Substancja klej\u0105ca jest bezzapachowa, zmywalna i \u0142atwo si\u0119 jej pozby\u0107 z powierzchni. Niezb\u0119dny do codziennych prac biurowych oraz do kreatywnych dzia\u0142a\u0144 w szkole czy domu.<\/p>\n<p>&#8211; Bezzapachowy, zmywalny<br \/>\n&#8211; Idealny do papieru i kartonu<br \/>\n&#8211; Silikonowa rolka dozuj\u0105ca wyp\u0142yw kleju<br \/>\n&#8211; Rozwija zdolno\u015bci manualne dzieci<br \/>\n&#8211; Nie zawiera substancji szkodliwych<\/p>\n<p>Specyfikacja:<br \/>\n    Czas zasychania : do 5 s<br \/>\n    Pojemno\u015b\u0107 : 30mm<br \/>\n    Waga produktu : 42g<br \/>\n    Sk\u0142ad: woda, glikol propylenowy<\/p>\n","protected":false},"excerpt":{"rendered":"<p>Wygodna i \u0142atwa w u\u017cytkowaniu rolka porcjuje odpowiedni\u0105 ilo\u015b\u0107 kleju. Nie dochodzi do kumulacji oraz gwa\u0142townego wydostawania si\u0119 p\u0142ynu na materia\u0142. Substancja klej\u0105ca jest bezzapachowa, zmywalna i \u0142atwo si\u0119 jej pozby\u0107 z powierzchni. Niezb\u0119dny do codziennych prac biurowych oraz do kreatywnych dzia\u0142a\u0144 w szkole czy domu. &#8211; Bezzapachowy, zmywalny &#8211; Idealny do papieru i kartonu [&hellip;]<\/p>\n","protected":false},"featured_media":25719,"template":"","meta":{"jetpack_post_was_ever_published":false,"jetpack_publicize_message":"","jetpack_publicize_feature_enabled":true,"jetpack_social_post_already_shared":true,"jetpack_social_options":{"image_generator_settings":{"template":"highway","enabled":false}}},"product_cat":[278,287],"product_tag":[],"jetpack_publicize_connections":[],"jetpack_sharing_enabled":true,"_links":{"self":[{"href":"https:\/\/tuszuj.pl\/index.php?rest_route=\/wp\/v2\/product\/25718"}],"collection":[{"href":"https:\/\/tuszuj.pl\/index.php?rest_route=\/wp\/v2\/product"}],"about":[{"href":"https:\/\/tuszuj.pl\/index.php?rest_route=\/wp\/v2\/types\/product"}],"wp:featuredmedia":[{"embeddable":true,"href":"https:\/\/tuszuj.pl\/index.php?rest_route=\/wp\/v2\/media\/25719"}],"wp:attachment":[{"href":"https:\/\/tuszuj.pl\/index.php?rest_route=%2Fwp%2Fv2%2Fmedia&parent=25718"}],"wp:term":[{"taxonomy":"product_cat","embeddable":true,"href":"https:\/\/tuszuj.pl\/index.php?rest_route=%2Fwp%2Fv2%2Fproduct_cat&post=25718"},{"taxonomy":"product_tag","embeddable":true,"href":"https:\/\/tuszuj.pl\/index.php?rest_route=%2Fwp%2Fv2%2Fproduct_tag&post=25718"}],"curies":[{"name":"wp","href":"https:\/\/api.w.org\/{rel}","templated":true}]}}