{"id":25727,"date":"2024-01-23T09:41:01","date_gmt":"2024-01-23T08:41:01","guid":{"rendered":"https:\/\/tuszuj.pl\/?post_type=product&#038;p=25727"},"modified":"2024-05-05T16:49:59","modified_gmt":"2024-05-05T14:49:59","slug":"marker-permanentny-pentel-n850-zielony","status":"publish","type":"product","link":"https:\/\/tuszuj.pl\/?product=marker-permanentny-pentel-n850-zielony","title":{"rendered":"Marker permanentny PENTEL N-850 ZIELONY"},"content":{"rendered":"<p>Marker permanentny do oznaczania rozmaitych powierzchni. Idealny do metalu, szk\u0142a, plastiku, gumy, grubego papieru, drewna. Pozbawiony substancji szkodliwych: ksylenu i toluenu. Wysokiej jako\u015bci wodoodporny, nieblakn\u0105cy tusz. Okr\u0105g\u0142a ko\u0144c\u00f3wka wykonana z w\u0142\u00f3kna akrylowego odporna na dociskanie do powierzchni.<\/p>\n<p>&#8211; Marker permanentny z okr\u0105g\u0142\u0105 ko\u0144c\u00f3wk\u0105<br \/>\n&#8211; Wodoodporny, nieblakn\u0105cy tusz<br \/>\n&#8211; Do wszystkich powierzchni<br \/>\n&#8211; D\u0142uga linia pisania &#8211; 780 m<br \/>\n&#8211; Nie zawiera szkodliwych substancji<br \/>\n&#8211; Grubo\u015b\u0107 ko\u0144c\u00f3wki : 4.5 mm<br \/>\n&#8211; Grubo\u015b\u0107 linii pisania : 1.5 mm<\/p>\n","protected":false},"excerpt":{"rendered":"<p>Marker permanentny do oznaczania rozmaitych powierzchni. Idealny do metalu, szk\u0142a, plastiku, gumy, grubego papieru, drewna. Pozbawiony substancji szkodliwych: ksylenu i toluenu. Wysokiej jako\u015bci wodoodporny, nieblakn\u0105cy tusz. Okr\u0105g\u0142a ko\u0144c\u00f3wka wykonana z w\u0142\u00f3kna akrylowego odporna na dociskanie do powierzchni. &#8211; Marker permanentny z okr\u0105g\u0142\u0105 ko\u0144c\u00f3wk\u0105 &#8211; Wodoodporny, nieblakn\u0105cy tusz &#8211; Do wszystkich powierzchni &#8211; D\u0142uga linia pisania [&hellip;]<\/p>\n","protected":false},"featured_media":25729,"template":"","meta":{"jetpack_post_was_ever_published":false,"jetpack_publicize_message":"","jetpack_publicize_feature_enabled":true,"jetpack_social_post_already_shared":true,"jetpack_social_options":{"image_generator_settings":{"template":"highway","enabled":false}}},"product_cat":[278,291],"product_tag":[],"jetpack_publicize_connections":[],"jetpack_sharing_enabled":true,"_links":{"self":[{"href":"https:\/\/tuszuj.pl\/index.php?rest_route=\/wp\/v2\/product\/25727"}],"collection":[{"href":"https:\/\/tuszuj.pl\/index.php?rest_route=\/wp\/v2\/product"}],"about":[{"href":"https:\/\/tuszuj.pl\/index.php?rest_route=\/wp\/v2\/types\/product"}],"wp:featuredmedia":[{"embeddable":true,"href":"https:\/\/tuszuj.pl\/index.php?rest_route=\/wp\/v2\/media\/25729"}],"wp:attachment":[{"href":"https:\/\/tuszuj.pl\/index.php?rest_route=%2Fwp%2Fv2%2Fmedia&parent=25727"}],"wp:term":[{"taxonomy":"product_cat","embeddable":true,"href":"https:\/\/tuszuj.pl\/index.php?rest_route=%2Fwp%2Fv2%2Fproduct_cat&post=25727"},{"taxonomy":"product_tag","embeddable":true,"href":"https:\/\/tuszuj.pl\/index.php?rest_route=%2Fwp%2Fv2%2Fproduct_tag&post=25727"}],"curies":[{"name":"wp","href":"https:\/\/api.w.org\/{rel}","templated":true}]}}