{"id":25742,"date":"2024-01-23T10:42:09","date_gmt":"2024-01-23T09:42:09","guid":{"rendered":"https:\/\/tuszuj.pl\/?post_type=product&#038;p=25742"},"modified":"2024-05-05T16:49:59","modified_gmt":"2024-05-05T14:49:59","slug":"marker-permanentny-pentel-n-860-czarny-scieta-koncowka","status":"publish","type":"product","link":"https:\/\/tuszuj.pl\/?product=marker-permanentny-pentel-n-860-czarny-scieta-koncowka","title":{"rendered":"Marker permanentny PENTEL N-860 CZARNY \u015aCI\u0118TA KO\u0143C\u00d3WKA"},"content":{"rendered":"<p>Marker permanentny, kt\u00f3ry skutecznie i trwale oznacza wybrane powierzchnie. Odporna na dociskanie do powierzchni ko\u0144c\u00f3wka wykonana z w\u0142\u00f3kna akrylowego. Nadaje si\u0119 do metalu, szk\u0142a, plastiku, gumy, grubego papieru, drewna. Wysokiej jako\u015bci wodoodporny i nieblakn\u0105cy tusz w intensywnych barwach.<br \/>\nNie zawiera substancji szkodliwych ksylenu i toluenu.<\/p>\n<p>\u2013 Marker permanentny ze \u015bci\u0119t\u0105 ko\u0144c\u00f3wk\u0105<br \/>\n\u2013 Grubo\u015b\u0107 linii pisania w zakresie 1,2-4,5 mm<br \/>\n\u2013 Nadaje si\u0119 do wszystkich powierzchni<br \/>\n\u2013 Nie zawiera substancji truj\u0105cych<br \/>\n\u2013 Do codziennej pracy w biurze, magazynie, sklepie<br \/>\n\u2013 Grubo\u015b\u0107 ko\u0144c\u00f3wki : 4.5 mm<br \/>\n\u2013 Rodzaj ko\u0144c\u00f3wki : \u015bci\u0119ta<\/p>\n","protected":false},"excerpt":{"rendered":"<p>Marker permanentny, kt\u00f3ry skutecznie i trwale oznacza wybrane powierzchnie. Odporna na dociskanie do powierzchni ko\u0144c\u00f3wka wykonana z w\u0142\u00f3kna akrylowego. Nadaje si\u0119 do metalu, szk\u0142a, plastiku, gumy, grubego papieru, drewna. Wysokiej jako\u015bci wodoodporny i nieblakn\u0105cy tusz w intensywnych barwach. Nie zawiera substancji szkodliwych ksylenu i toluenu. \u2013 Marker permanentny ze \u015bci\u0119t\u0105 ko\u0144c\u00f3wk\u0105 \u2013 Grubo\u015b\u0107 linii pisania [&hellip;]<\/p>\n","protected":false},"featured_media":25743,"template":"","meta":{"jetpack_post_was_ever_published":false,"jetpack_publicize_message":"","jetpack_publicize_feature_enabled":true,"jetpack_social_post_already_shared":true,"jetpack_social_options":{"image_generator_settings":{"template":"highway","enabled":false}}},"product_cat":[278,291],"product_tag":[],"jetpack_publicize_connections":[],"jetpack_sharing_enabled":true,"_links":{"self":[{"href":"https:\/\/tuszuj.pl\/index.php?rest_route=\/wp\/v2\/product\/25742"}],"collection":[{"href":"https:\/\/tuszuj.pl\/index.php?rest_route=\/wp\/v2\/product"}],"about":[{"href":"https:\/\/tuszuj.pl\/index.php?rest_route=\/wp\/v2\/types\/product"}],"wp:featuredmedia":[{"embeddable":true,"href":"https:\/\/tuszuj.pl\/index.php?rest_route=\/wp\/v2\/media\/25743"}],"wp:attachment":[{"href":"https:\/\/tuszuj.pl\/index.php?rest_route=%2Fwp%2Fv2%2Fmedia&parent=25742"}],"wp:term":[{"taxonomy":"product_cat","embeddable":true,"href":"https:\/\/tuszuj.pl\/index.php?rest_route=%2Fwp%2Fv2%2Fproduct_cat&post=25742"},{"taxonomy":"product_tag","embeddable":true,"href":"https:\/\/tuszuj.pl\/index.php?rest_route=%2Fwp%2Fv2%2Fproduct_tag&post=25742"}],"curies":[{"name":"wp","href":"https:\/\/api.w.org\/{rel}","templated":true}]}}