{"id":25756,"date":"2024-01-23T12:08:08","date_gmt":"2024-01-23T11:08:08","guid":{"rendered":"https:\/\/tuszuj.pl\/?post_type=product&#038;p=25756"},"modified":"2024-05-05T16:54:37","modified_gmt":"2024-05-05T14:54:37","slug":"zszywki-biurowe-rapesco-24-6-mm","status":"publish","type":"product","link":"https:\/\/tuszuj.pl\/?product=zszywki-biurowe-rapesco-24-6-mm","title":{"rendered":"Zszywki Rapesco 24\/6 mm"},"content":{"rendered":"<p>Cechy:<br \/>\n&#8211; rodzaj: stalowe<br \/>\n&#8211; rozmiar: 24\/6 mm<br \/>\n&#8211; ilo\u015b\u0107 sztuk: 1000<br \/>\n&#8211; wyprodukowane z materia\u0142u wysokiej jako\u015bci<\/p>\n","protected":false},"excerpt":{"rendered":"<p>Cechy: &#8211; rodzaj: stalowe &#8211; rozmiar: 24\/6 mm &#8211; ilo\u015b\u0107 sztuk: 1000 &#8211; wyprodukowane z materia\u0142u wysokiej jako\u015bci<\/p>\n","protected":false},"featured_media":25757,"template":"","meta":{"jetpack_post_was_ever_published":false,"jetpack_publicize_message":"","jetpack_publicize_feature_enabled":true,"jetpack_social_post_already_shared":true,"jetpack_social_options":{"image_generator_settings":{"template":"highway","enabled":false}}},"product_cat":[278,284],"product_tag":[],"jetpack_publicize_connections":[],"jetpack_sharing_enabled":true,"_links":{"self":[{"href":"https:\/\/tuszuj.pl\/index.php?rest_route=\/wp\/v2\/product\/25756"}],"collection":[{"href":"https:\/\/tuszuj.pl\/index.php?rest_route=\/wp\/v2\/product"}],"about":[{"href":"https:\/\/tuszuj.pl\/index.php?rest_route=\/wp\/v2\/types\/product"}],"wp:featuredmedia":[{"embeddable":true,"href":"https:\/\/tuszuj.pl\/index.php?rest_route=\/wp\/v2\/media\/25757"}],"wp:attachment":[{"href":"https:\/\/tuszuj.pl\/index.php?rest_route=%2Fwp%2Fv2%2Fmedia&parent=25756"}],"wp:term":[{"taxonomy":"product_cat","embeddable":true,"href":"https:\/\/tuszuj.pl\/index.php?rest_route=%2Fwp%2Fv2%2Fproduct_cat&post=25756"},{"taxonomy":"product_tag","embeddable":true,"href":"https:\/\/tuszuj.pl\/index.php?rest_route=%2Fwp%2Fv2%2Fproduct_tag&post=25756"}],"curies":[{"name":"wp","href":"https:\/\/api.w.org\/{rel}","templated":true}]}}