{"id":25758,"date":"2024-01-23T12:44:51","date_gmt":"2024-01-23T11:44:51","guid":{"rendered":"https:\/\/tuszuj.pl\/?post_type=product&#038;p=25758"},"modified":"2024-05-05T16:44:12","modified_gmt":"2024-05-05T14:44:12","slug":"koszulki-na-dokumenty-office-products-40mikr-krystaliczne","status":"publish","type":"product","link":"https:\/\/tuszuj.pl\/?product=koszulki-na-dokumenty-office-products-40mikr-krystaliczne","title":{"rendered":"Koszulki na dokumenty OFFICE PRODUCTS 40mikr KRYSTALICZNE"},"content":{"rendered":"<p>Specyfikacja:<br \/>\n&#8211; krystaliczne, transparentne<br \/>\n&#8211; ilo\u015b\u0107 dziurek do wpi\u0119cia: 11<br \/>\n&#8211; rozmiar: 232x304mm<br \/>\n&#8211; w opakowaniu 100 szt<br \/>\n&#8211; antyelektrostatyczne<br \/>\n&#8211; otwarte na g\u00f3rze<br \/>\n&#8211; wykonane z mi\u0119kkiej, g\u0142adkiej folii polipropylenowej o grubo\u015bci 40 \u03bcm<\/p>\n","protected":false},"excerpt":{"rendered":"<p>Specyfikacja: &#8211; krystaliczne, transparentne &#8211; ilo\u015b\u0107 dziurek do wpi\u0119cia: 11 &#8211; rozmiar: 232x304mm &#8211; w opakowaniu 100 szt &#8211; antyelektrostatyczne &#8211; otwarte na g\u00f3rze &#8211; wykonane z mi\u0119kkiej, g\u0142adkiej folii polipropylenowej o grubo\u015bci 40 \u03bcm<\/p>\n","protected":false},"featured_media":25760,"template":"","meta":{"jetpack_post_was_ever_published":false,"jetpack_publicize_message":"","jetpack_publicize_feature_enabled":true,"jetpack_social_post_already_shared":true,"jetpack_social_options":{"image_generator_settings":{"template":"highway","enabled":false}}},"product_cat":[278,290],"product_tag":[],"jetpack_publicize_connections":[],"jetpack_sharing_enabled":true,"_links":{"self":[{"href":"https:\/\/tuszuj.pl\/index.php?rest_route=\/wp\/v2\/product\/25758"}],"collection":[{"href":"https:\/\/tuszuj.pl\/index.php?rest_route=\/wp\/v2\/product"}],"about":[{"href":"https:\/\/tuszuj.pl\/index.php?rest_route=\/wp\/v2\/types\/product"}],"wp:featuredmedia":[{"embeddable":true,"href":"https:\/\/tuszuj.pl\/index.php?rest_route=\/wp\/v2\/media\/25760"}],"wp:attachment":[{"href":"https:\/\/tuszuj.pl\/index.php?rest_route=%2Fwp%2Fv2%2Fmedia&parent=25758"}],"wp:term":[{"taxonomy":"product_cat","embeddable":true,"href":"https:\/\/tuszuj.pl\/index.php?rest_route=%2Fwp%2Fv2%2Fproduct_cat&post=25758"},{"taxonomy":"product_tag","embeddable":true,"href":"https:\/\/tuszuj.pl\/index.php?rest_route=%2Fwp%2Fv2%2Fproduct_tag&post=25758"}],"curies":[{"name":"wp","href":"https:\/\/api.w.org\/{rel}","templated":true}]}}