{"id":25761,"date":"2024-01-23T12:55:46","date_gmt":"2024-01-23T11:55:46","guid":{"rendered":"https:\/\/tuszuj.pl\/?post_type=product&#038;p=25761"},"modified":"2024-05-05T16:44:12","modified_gmt":"2024-05-05T14:44:12","slug":"koszulki-na-dokumenty-office-products-40mikr-groszkowe","status":"publish","type":"product","link":"https:\/\/tuszuj.pl\/?product=koszulki-na-dokumenty-office-products-40mikr-groszkowe","title":{"rendered":"Koszulki na dokumenty OFFICE PRODUCTS 40mikr GROSZKOWE"},"content":{"rendered":"<p>Specyfikacja:<br \/>\n&#8211; ilo\u015b\u0107 dziurek do wpi\u0119cia: 11<br \/>\n&#8211; rozmiar wewn\u0119trzny: 220x300mm<br \/>\n&#8211; rozmiar zewn\u0119trzny: 230x300mm<br \/>\n&#8211; rozci\u0119te na g\u00f3rze<br \/>\n&#8211; ekonomiczne, wykonane z mi\u0119kkiej folii polipropylenowej o grubo\u015bci 40\u03bcm<br \/>\n&#8211; posiada w\u0142a\u015bciwo\u015bci antyrefleksyjne<br \/>\n&#8211; groszkowe, transparentne<\/p>\n","protected":false},"excerpt":{"rendered":"<p>Specyfikacja: &#8211; ilo\u015b\u0107 dziurek do wpi\u0119cia: 11 &#8211; rozmiar wewn\u0119trzny: 220x300mm &#8211; rozmiar zewn\u0119trzny: 230x300mm &#8211; rozci\u0119te na g\u00f3rze &#8211; ekonomiczne, wykonane z mi\u0119kkiej folii polipropylenowej o grubo\u015bci 40\u03bcm &#8211; posiada w\u0142a\u015bciwo\u015bci antyrefleksyjne &#8211; groszkowe, transparentne<\/p>\n","protected":false},"featured_media":25762,"template":"","meta":{"jetpack_post_was_ever_published":false,"jetpack_publicize_message":"","jetpack_publicize_feature_enabled":true,"jetpack_social_post_already_shared":true,"jetpack_social_options":{"image_generator_settings":{"template":"highway","enabled":false}}},"product_cat":[278,290],"product_tag":[],"jetpack_publicize_connections":[],"jetpack_sharing_enabled":true,"_links":{"self":[{"href":"https:\/\/tuszuj.pl\/index.php?rest_route=\/wp\/v2\/product\/25761"}],"collection":[{"href":"https:\/\/tuszuj.pl\/index.php?rest_route=\/wp\/v2\/product"}],"about":[{"href":"https:\/\/tuszuj.pl\/index.php?rest_route=\/wp\/v2\/types\/product"}],"wp:featuredmedia":[{"embeddable":true,"href":"https:\/\/tuszuj.pl\/index.php?rest_route=\/wp\/v2\/media\/25762"}],"wp:attachment":[{"href":"https:\/\/tuszuj.pl\/index.php?rest_route=%2Fwp%2Fv2%2Fmedia&parent=25761"}],"wp:term":[{"taxonomy":"product_cat","embeddable":true,"href":"https:\/\/tuszuj.pl\/index.php?rest_route=%2Fwp%2Fv2%2Fproduct_cat&post=25761"},{"taxonomy":"product_tag","embeddable":true,"href":"https:\/\/tuszuj.pl\/index.php?rest_route=%2Fwp%2Fv2%2Fproduct_tag&post=25761"}],"curies":[{"name":"wp","href":"https:\/\/api.w.org\/{rel}","templated":true}]}}