{"id":25769,"date":"2024-01-24T09:35:47","date_gmt":"2024-01-24T08:35:47","guid":{"rendered":"https:\/\/tuszuj.pl\/?post_type=product&#038;p=25769"},"modified":"2024-01-31T13:54:26","modified_gmt":"2024-01-31T12:54:26","slug":"zszywacz-office-products-mini-czarny","status":"publish","type":"product","link":"https:\/\/tuszuj.pl\/?product=zszywacz-office-products-mini-czarny","title":{"rendered":"Zszywacz OFFICE PRODUCTS MINI CZARNY"},"content":{"rendered":"<p>Specyfikacja:<br \/>\n\u2013 zszywa do 20 kartek<br \/>\n\u2013 na zszywki nr 24\/6 i 26\/6<br \/>\n\u2013 obudowa plastikowa, antypo\u015blizgowe gumowane rami\u0119 mechanizm metalowy<br \/>\n\u2013 wska\u017anik zu\u017cycia zszywek<br \/>\n\u2013 g\u0142\u0119boko\u015b\u0107 wsuni\u0119cia kartki 25mm<\/p>\n","protected":false},"excerpt":{"rendered":"<p>Specyfikacja: \u2013 zszywa do 20 kartek \u2013 na zszywki nr 24\/6 i 26\/6 \u2013 obudowa plastikowa, antypo\u015blizgowe gumowane rami\u0119 mechanizm metalowy \u2013 wska\u017anik zu\u017cycia zszywek \u2013 g\u0142\u0119boko\u015b\u0107 wsuni\u0119cia kartki 25mm<\/p>\n","protected":false},"featured_media":25770,"template":"","meta":{"jetpack_post_was_ever_published":false,"jetpack_publicize_message":"","jetpack_publicize_feature_enabled":true,"jetpack_social_post_already_shared":true,"jetpack_social_options":{"image_generator_settings":{"template":"highway","enabled":false}}},"product_cat":[278,284],"product_tag":[],"jetpack_publicize_connections":[],"jetpack_sharing_enabled":true,"_links":{"self":[{"href":"https:\/\/tuszuj.pl\/index.php?rest_route=\/wp\/v2\/product\/25769"}],"collection":[{"href":"https:\/\/tuszuj.pl\/index.php?rest_route=\/wp\/v2\/product"}],"about":[{"href":"https:\/\/tuszuj.pl\/index.php?rest_route=\/wp\/v2\/types\/product"}],"wp:featuredmedia":[{"embeddable":true,"href":"https:\/\/tuszuj.pl\/index.php?rest_route=\/wp\/v2\/media\/25770"}],"wp:attachment":[{"href":"https:\/\/tuszuj.pl\/index.php?rest_route=%2Fwp%2Fv2%2Fmedia&parent=25769"}],"wp:term":[{"taxonomy":"product_cat","embeddable":true,"href":"https:\/\/tuszuj.pl\/index.php?rest_route=%2Fwp%2Fv2%2Fproduct_cat&post=25769"},{"taxonomy":"product_tag","embeddable":true,"href":"https:\/\/tuszuj.pl\/index.php?rest_route=%2Fwp%2Fv2%2Fproduct_tag&post=25769"}],"curies":[{"name":"wp","href":"https:\/\/api.w.org\/{rel}","templated":true}]}}