{"id":25773,"date":"2024-01-24T09:46:44","date_gmt":"2024-01-24T08:46:44","guid":{"rendered":"https:\/\/tuszuj.pl\/?post_type=product&#038;p=25773"},"modified":"2024-01-31T13:54:08","modified_gmt":"2024-01-31T12:54:08","slug":"zszywacz-kangaro-ds-35-czarny","status":"publish","type":"product","link":"https:\/\/tuszuj.pl\/?product=zszywacz-kangaro-ds-35-czarny","title":{"rendered":"Zszywacz KANGARO DS-35 CZARNY"},"content":{"rendered":"<p>Specyfikacja:<br \/>\n&#8211; zszywa: do 30 kartek<br \/>\n&#8211; pojemno\u015b\u0107: 50 lub 100 zszywek<br \/>\n&#8211; zszywki: 24\/6 lub 26\/6<br \/>\n&#8211; g\u0142\u0119boko\u015b\u0107 wsuni\u0119cia kartki: 50mm<br \/>\n&#8211; na ramieniu nadrukowana nazwa i logo producenta, , model oraz rozmiar zszywek<br \/>\n&#8211; metalowy ergonomiczny korpus, mechanizm oraz podstawa z antypo\u015blizgowymi gumowymi n\u00f3\u017ckami<\/p>\n","protected":false},"excerpt":{"rendered":"<p>Specyfikacja: &#8211; zszywa: do 30 kartek &#8211; pojemno\u015b\u0107: 50 lub 100 zszywek &#8211; zszywki: 24\/6 lub 26\/6 &#8211; g\u0142\u0119boko\u015b\u0107 wsuni\u0119cia kartki: 50mm &#8211; na ramieniu nadrukowana nazwa i logo producenta, , model oraz rozmiar zszywek &#8211; metalowy ergonomiczny korpus, mechanizm oraz podstawa z antypo\u015blizgowymi gumowymi n\u00f3\u017ckami<\/p>\n","protected":false},"featured_media":25774,"template":"","meta":{"jetpack_post_was_ever_published":false,"jetpack_publicize_message":"","jetpack_publicize_feature_enabled":true,"jetpack_social_post_already_shared":true,"jetpack_social_options":{"image_generator_settings":{"template":"highway","enabled":false}}},"product_cat":[278,284],"product_tag":[],"jetpack_publicize_connections":[],"jetpack_sharing_enabled":true,"_links":{"self":[{"href":"https:\/\/tuszuj.pl\/index.php?rest_route=\/wp\/v2\/product\/25773"}],"collection":[{"href":"https:\/\/tuszuj.pl\/index.php?rest_route=\/wp\/v2\/product"}],"about":[{"href":"https:\/\/tuszuj.pl\/index.php?rest_route=\/wp\/v2\/types\/product"}],"wp:featuredmedia":[{"embeddable":true,"href":"https:\/\/tuszuj.pl\/index.php?rest_route=\/wp\/v2\/media\/25774"}],"wp:attachment":[{"href":"https:\/\/tuszuj.pl\/index.php?rest_route=%2Fwp%2Fv2%2Fmedia&parent=25773"}],"wp:term":[{"taxonomy":"product_cat","embeddable":true,"href":"https:\/\/tuszuj.pl\/index.php?rest_route=%2Fwp%2Fv2%2Fproduct_cat&post=25773"},{"taxonomy":"product_tag","embeddable":true,"href":"https:\/\/tuszuj.pl\/index.php?rest_route=%2Fwp%2Fv2%2Fproduct_tag&post=25773"}],"curies":[{"name":"wp","href":"https:\/\/api.w.org\/{rel}","templated":true}]}}