{"id":25792,"date":"2024-01-25T09:45:13","date_gmt":"2024-01-25T08:45:13","guid":{"rendered":"https:\/\/tuszuj.pl\/?post_type=product&#038;p=25792"},"modified":"2024-05-05T16:49:59","modified_gmt":"2024-05-05T14:49:59","slug":"marker-permanentny-pentel-n-850-niebieski","status":"publish","type":"product","link":"https:\/\/tuszuj.pl\/?product=marker-permanentny-pentel-n-850-niebieski","title":{"rendered":"Marker permanentny PENTEL N-850 NIEBIESKI"},"content":{"rendered":"<p>Marker permanentny do oznaczania rozmaitych powierzchni. Idealny do metalu, szk\u0142a, plastiku, gumy, grubego papieru, drewna. Pozbawiony substancji szkodliwych: ksylenu i toluenu. Wysokiej jako\u015bci wodoodporny, nieblakn\u0105cy tusz. Okr\u0105g\u0142a ko\u0144c\u00f3wka wykonana z w\u0142\u00f3kna akrylowego odporna na dociskanie do powierzchni.<\/p>\n<p>\u2013 Marker permanentny z okr\u0105g\u0142\u0105 ko\u0144c\u00f3wk\u0105<br \/>\n\u2013 Wodoodporny, nieblakn\u0105cy tusz<br \/>\n\u2013 Do wszystkich powierzchni<br \/>\n\u2013 D\u0142uga linia pisania \u2013 780 m<br \/>\n\u2013 Nie zawiera szkodliwych substancji<br \/>\n\u2013 Grubo\u015b\u0107 ko\u0144c\u00f3wki : 4.5 mm<br \/>\n\u2013 Grubo\u015b\u0107 linii pisania : 1.5 mm<\/p>\n","protected":false},"excerpt":{"rendered":"<p>Marker permanentny do oznaczania rozmaitych powierzchni. Idealny do metalu, szk\u0142a, plastiku, gumy, grubego papieru, drewna. Pozbawiony substancji szkodliwych: ksylenu i toluenu. Wysokiej jako\u015bci wodoodporny, nieblakn\u0105cy tusz. Okr\u0105g\u0142a ko\u0144c\u00f3wka wykonana z w\u0142\u00f3kna akrylowego odporna na dociskanie do powierzchni. \u2013 Marker permanentny z okr\u0105g\u0142\u0105 ko\u0144c\u00f3wk\u0105 \u2013 Wodoodporny, nieblakn\u0105cy tusz \u2013 Do wszystkich powierzchni \u2013 D\u0142uga linia pisania [&hellip;]<\/p>\n","protected":false},"featured_media":25793,"template":"","meta":{"jetpack_post_was_ever_published":false,"jetpack_publicize_message":"","jetpack_publicize_feature_enabled":true,"jetpack_social_post_already_shared":true,"jetpack_social_options":{"image_generator_settings":{"template":"highway","enabled":false}}},"product_cat":[278,291],"product_tag":[],"jetpack_publicize_connections":[],"jetpack_sharing_enabled":true,"_links":{"self":[{"href":"https:\/\/tuszuj.pl\/index.php?rest_route=\/wp\/v2\/product\/25792"}],"collection":[{"href":"https:\/\/tuszuj.pl\/index.php?rest_route=\/wp\/v2\/product"}],"about":[{"href":"https:\/\/tuszuj.pl\/index.php?rest_route=\/wp\/v2\/types\/product"}],"wp:featuredmedia":[{"embeddable":true,"href":"https:\/\/tuszuj.pl\/index.php?rest_route=\/wp\/v2\/media\/25793"}],"wp:attachment":[{"href":"https:\/\/tuszuj.pl\/index.php?rest_route=%2Fwp%2Fv2%2Fmedia&parent=25792"}],"wp:term":[{"taxonomy":"product_cat","embeddable":true,"href":"https:\/\/tuszuj.pl\/index.php?rest_route=%2Fwp%2Fv2%2Fproduct_cat&post=25792"},{"taxonomy":"product_tag","embeddable":true,"href":"https:\/\/tuszuj.pl\/index.php?rest_route=%2Fwp%2Fv2%2Fproduct_tag&post=25792"}],"curies":[{"name":"wp","href":"https:\/\/api.w.org\/{rel}","templated":true}]}}