{"id":25801,"date":"2024-01-25T10:31:39","date_gmt":"2024-01-25T09:31:39","guid":{"rendered":"https:\/\/tuszuj.pl\/?post_type=product&#038;p=25801"},"modified":"2024-05-05T16:54:37","modified_gmt":"2024-05-05T14:54:37","slug":"zszywki-kangaro-no-10-1m","status":"publish","type":"product","link":"https:\/\/tuszuj.pl\/?product=zszywki-kangaro-no-10-1m","title":{"rendered":"Zszywki KANGARO No. 10-1M"},"content":{"rendered":"<p>Specyfikacja:<br \/>\n&#8211; zszywki KANGARO nr 10<br \/>\n&#8211; zapewniaj\u0105 najwi\u0119ksz\u0105 wytrzyma\u0142o\u015b\u0107 i niezawodno\u015b\u0107<br \/>\n&#8211; wykonane ze stali japo\u0144skiej (Fuji Heavy Industries)<br \/>\n&#8211; pasek 100 szt.<br \/>\n&#8211; 1000 zszywek w opk.<\/p>\n","protected":false},"excerpt":{"rendered":"<p>Specyfikacja: &#8211; zszywki KANGARO nr 10 &#8211; zapewniaj\u0105 najwi\u0119ksz\u0105 wytrzyma\u0142o\u015b\u0107 i niezawodno\u015b\u0107 &#8211; wykonane ze stali japo\u0144skiej (Fuji Heavy Industries) &#8211; pasek 100 szt. &#8211; 1000 zszywek w opk.<\/p>\n","protected":false},"featured_media":25802,"template":"","meta":{"jetpack_post_was_ever_published":false,"jetpack_publicize_message":"","jetpack_publicize_feature_enabled":true,"jetpack_social_post_already_shared":true,"jetpack_social_options":{"image_generator_settings":{"template":"highway","enabled":false}}},"product_cat":[278,284],"product_tag":[],"jetpack_publicize_connections":[],"jetpack_sharing_enabled":true,"_links":{"self":[{"href":"https:\/\/tuszuj.pl\/index.php?rest_route=\/wp\/v2\/product\/25801"}],"collection":[{"href":"https:\/\/tuszuj.pl\/index.php?rest_route=\/wp\/v2\/product"}],"about":[{"href":"https:\/\/tuszuj.pl\/index.php?rest_route=\/wp\/v2\/types\/product"}],"wp:featuredmedia":[{"embeddable":true,"href":"https:\/\/tuszuj.pl\/index.php?rest_route=\/wp\/v2\/media\/25802"}],"wp:attachment":[{"href":"https:\/\/tuszuj.pl\/index.php?rest_route=%2Fwp%2Fv2%2Fmedia&parent=25801"}],"wp:term":[{"taxonomy":"product_cat","embeddable":true,"href":"https:\/\/tuszuj.pl\/index.php?rest_route=%2Fwp%2Fv2%2Fproduct_cat&post=25801"},{"taxonomy":"product_tag","embeddable":true,"href":"https:\/\/tuszuj.pl\/index.php?rest_route=%2Fwp%2Fv2%2Fproduct_tag&post=25801"}],"curies":[{"name":"wp","href":"https:\/\/api.w.org\/{rel}","templated":true}]}}