{"id":25805,"date":"2024-01-25T10:50:17","date_gmt":"2024-01-25T09:50:17","guid":{"rendered":"https:\/\/tuszuj.pl\/?post_type=product&#038;p=25805"},"modified":"2024-05-05T16:13:37","modified_gmt":"2024-05-05T14:13:37","slug":"kalkulator-vector-vc-444-biurowy","status":"publish","type":"product","link":"https:\/\/tuszuj.pl\/?product=kalkulator-vector-vc-444-biurowy","title":{"rendered":"Kalkulator Vector VC-444 biurowy"},"content":{"rendered":"<p>Opis:<\/p>\n<p>\u2022 12 pozycyjny<\/p>\n<p>\u2022 Podw\u00f3jne zasilanie<\/p>\n<p>\u2022 Podw\u00f3jna pami\u0119\u0107<\/p>\n<p>\u2022 Obliczanie mar\u017cy<\/p>\n<p>\u2022 Zaokr\u0105glanie wynik\u00f3w<\/p>\n<p>\u2022 Klawisz zmiany znaku +\/-<\/p>\n<p>\u2022 Obliczanie % i pierwiastk\u00f3w<\/p>\n<p>\u2022 Klawisz cofania<\/p>\n<p>Wymiary: 200x154x36mm<\/p>\n","protected":false},"excerpt":{"rendered":"<p>Opis: \u2022 12 pozycyjny \u2022 Podw\u00f3jne zasilanie \u2022 Podw\u00f3jna pami\u0119\u0107 \u2022 Obliczanie mar\u017cy \u2022 Zaokr\u0105glanie wynik\u00f3w \u2022 Klawisz zmiany znaku +\/- \u2022 Obliczanie % i pierwiastk\u00f3w \u2022 Klawisz cofania Wymiary: 200x154x36mm<\/p>\n","protected":false},"featured_media":25809,"template":"","meta":{"jetpack_post_was_ever_published":false,"jetpack_publicize_message":"","jetpack_publicize_feature_enabled":true,"jetpack_social_post_already_shared":true,"jetpack_social_options":{"image_generator_settings":{"template":"highway","enabled":false}}},"product_cat":[278,280],"product_tag":[],"jetpack_publicize_connections":[],"jetpack_sharing_enabled":true,"_links":{"self":[{"href":"https:\/\/tuszuj.pl\/index.php?rest_route=\/wp\/v2\/product\/25805"}],"collection":[{"href":"https:\/\/tuszuj.pl\/index.php?rest_route=\/wp\/v2\/product"}],"about":[{"href":"https:\/\/tuszuj.pl\/index.php?rest_route=\/wp\/v2\/types\/product"}],"wp:featuredmedia":[{"embeddable":true,"href":"https:\/\/tuszuj.pl\/index.php?rest_route=\/wp\/v2\/media\/25809"}],"wp:attachment":[{"href":"https:\/\/tuszuj.pl\/index.php?rest_route=%2Fwp%2Fv2%2Fmedia&parent=25805"}],"wp:term":[{"taxonomy":"product_cat","embeddable":true,"href":"https:\/\/tuszuj.pl\/index.php?rest_route=%2Fwp%2Fv2%2Fproduct_cat&post=25805"},{"taxonomy":"product_tag","embeddable":true,"href":"https:\/\/tuszuj.pl\/index.php?rest_route=%2Fwp%2Fv2%2Fproduct_tag&post=25805"}],"curies":[{"name":"wp","href":"https:\/\/api.w.org\/{rel}","templated":true}]}}