{"id":25817,"date":"2024-01-26T14:52:05","date_gmt":"2024-01-26T13:52:05","guid":{"rendered":"https:\/\/tuszuj.pl\/?post_type=product&#038;p=25817"},"modified":"2024-05-05T16:13:36","modified_gmt":"2024-05-05T14:13:36","slug":"kalkulator-citizen-sdc-868l-biurowy","status":"publish","type":"product","link":"https:\/\/tuszuj.pl\/?product=kalkulator-citizen-sdc-868l-biurowy","title":{"rendered":"Kalkulator Citizen SDC-868L biurowy"},"content":{"rendered":"<p>Opis:<\/p>\n<div id=\"short_description_content\" class=\"rte align_justify\">\n<ul>\n<li>kalkulator z 12-cyfrowym wy\u015bwietlaczem<\/li>\n<li>podw\u00f3jny system zasilania (bateria s\u0142oneczna i baterie)<\/li>\n<li>sta\u0142y k\u0105t nachylenia wy\u015bwietlacza<\/li>\n<li>wymiar: 154x152x28mm<\/li>\n<li>podw\u00f3jna pami\u0119\u0107<\/li>\n<li>funkcja pierwiastka kwadratowego, obliczania procent\u00f3w, zaogro\u0105glania oraz podatk\u00f3w<\/li>\n<li>zasada pe\u0142nych koszt\u00f3w<\/li>\n<li>wyposa\u017cony w klawisz zmiany znaku oraz podw\u00f3jnego zera<\/li>\n<li>okre\u015blanie miejsc po przecinku<\/li>\n<li>wy\u0142\u0105cza si\u0119 automatycznie<\/li>\n<li>2 lata gwarancji<\/li>\n<li>kolor: czarny\/bia\u0142y<\/li>\n<\/ul>\n<\/div>\n","protected":false},"excerpt":{"rendered":"<p>Opis: kalkulator z 12-cyfrowym wy\u015bwietlaczem podw\u00f3jny system zasilania (bateria s\u0142oneczna i baterie) sta\u0142y k\u0105t nachylenia wy\u015bwietlacza wymiar: 154x152x28mm podw\u00f3jna pami\u0119\u0107 funkcja pierwiastka kwadratowego, obliczania procent\u00f3w, zaogro\u0105glania oraz podatk\u00f3w zasada pe\u0142nych koszt\u00f3w wyposa\u017cony w klawisz zmiany znaku oraz podw\u00f3jnego zera okre\u015blanie miejsc po przecinku wy\u0142\u0105cza si\u0119 automatycznie 2 lata gwarancji kolor: czarny\/bia\u0142y<\/p>\n","protected":false},"featured_media":25818,"template":"","meta":{"jetpack_post_was_ever_published":false,"jetpack_publicize_message":"","jetpack_publicize_feature_enabled":true,"jetpack_social_post_already_shared":true,"jetpack_social_options":{"image_generator_settings":{"template":"highway","enabled":false}}},"product_cat":[278,280],"product_tag":[],"jetpack_publicize_connections":[],"jetpack_sharing_enabled":true,"_links":{"self":[{"href":"https:\/\/tuszuj.pl\/index.php?rest_route=\/wp\/v2\/product\/25817"}],"collection":[{"href":"https:\/\/tuszuj.pl\/index.php?rest_route=\/wp\/v2\/product"}],"about":[{"href":"https:\/\/tuszuj.pl\/index.php?rest_route=\/wp\/v2\/types\/product"}],"wp:featuredmedia":[{"embeddable":true,"href":"https:\/\/tuszuj.pl\/index.php?rest_route=\/wp\/v2\/media\/25818"}],"wp:attachment":[{"href":"https:\/\/tuszuj.pl\/index.php?rest_route=%2Fwp%2Fv2%2Fmedia&parent=25817"}],"wp:term":[{"taxonomy":"product_cat","embeddable":true,"href":"https:\/\/tuszuj.pl\/index.php?rest_route=%2Fwp%2Fv2%2Fproduct_cat&post=25817"},{"taxonomy":"product_tag","embeddable":true,"href":"https:\/\/tuszuj.pl\/index.php?rest_route=%2Fwp%2Fv2%2Fproduct_tag&post=25817"}],"curies":[{"name":"wp","href":"https:\/\/api.w.org\/{rel}","templated":true}]}}