{"id":25819,"date":"2024-01-26T16:41:44","date_gmt":"2024-01-26T15:41:44","guid":{"rendered":"https:\/\/tuszuj.pl\/?post_type=product&#038;p=25819"},"modified":"2024-05-05T16:13:36","modified_gmt":"2024-05-05T14:13:36","slug":"kalkulator-casio-hr-150rce-z-drukarka","status":"publish","type":"product","link":"https:\/\/tuszuj.pl\/?product=kalkulator-casio-hr-150rce-z-drukarka","title":{"rendered":"Kalkulator CASIO HR-150RCE z drukark\u0105"},"content":{"rendered":"<div id=\"short_description_content\" class=\"rte align_justify\">\n<ul>\n<li>12-cyfrowy wy\u015bwietlacz<\/li>\n<li>Szybko\u015b\u0107 druku 2,00 linie\/sek<\/li>\n<li>Wymiary: 65x165x295mm<\/li>\n<li>Waga: 495g<\/li>\n<li>Obliczenia handlowe: Cost\/ Sell\/ Margin, konwersja walut, obliczenia podatkowe TAX, selektor dziesi\u0119tny:0,2,3, ADD2, selektor cz\u0119\u015bci tysi\u0119cznych: 3, klawisz podw\u00f3jnego zera, pami\u0119\u0107: 4 klawisze, zaokr\u0105glanie wynik\u00f3w, selektor dziesi\u0119tny, licznik pozycji: IT, obliczenia delta %, klawisz cofania, wydruk: godzina\/data, klawisz zmiany znaku: +\/-<\/li>\n<li>2 lata gwarancji<\/li>\n<li>kolor: czarny<\/li>\n<\/ul>\n<\/div>\n","protected":false},"excerpt":{"rendered":"<p>12-cyfrowy wy\u015bwietlacz Szybko\u015b\u0107 druku 2,00 linie\/sek Wymiary: 65x165x295mm Waga: 495g Obliczenia handlowe: Cost\/ Sell\/ Margin, konwersja walut, obliczenia podatkowe TAX, selektor dziesi\u0119tny:0,2,3, ADD2, selektor cz\u0119\u015bci tysi\u0119cznych: 3, klawisz podw\u00f3jnego zera, pami\u0119\u0107: 4 klawisze, zaokr\u0105glanie wynik\u00f3w, selektor dziesi\u0119tny, licznik pozycji: IT, obliczenia delta %, klawisz cofania, wydruk: godzina\/data, klawisz zmiany znaku: +\/- 2 lata gwarancji kolor: [&hellip;]<\/p>\n","protected":false},"featured_media":25820,"template":"","meta":{"jetpack_post_was_ever_published":false,"jetpack_publicize_message":"","jetpack_publicize_feature_enabled":true,"jetpack_social_post_already_shared":true,"jetpack_social_options":{"image_generator_settings":{"template":"highway","enabled":false}}},"product_cat":[278,280],"product_tag":[],"jetpack_publicize_connections":[],"jetpack_sharing_enabled":true,"_links":{"self":[{"href":"https:\/\/tuszuj.pl\/index.php?rest_route=\/wp\/v2\/product\/25819"}],"collection":[{"href":"https:\/\/tuszuj.pl\/index.php?rest_route=\/wp\/v2\/product"}],"about":[{"href":"https:\/\/tuszuj.pl\/index.php?rest_route=\/wp\/v2\/types\/product"}],"wp:featuredmedia":[{"embeddable":true,"href":"https:\/\/tuszuj.pl\/index.php?rest_route=\/wp\/v2\/media\/25820"}],"wp:attachment":[{"href":"https:\/\/tuszuj.pl\/index.php?rest_route=%2Fwp%2Fv2%2Fmedia&parent=25819"}],"wp:term":[{"taxonomy":"product_cat","embeddable":true,"href":"https:\/\/tuszuj.pl\/index.php?rest_route=%2Fwp%2Fv2%2Fproduct_cat&post=25819"},{"taxonomy":"product_tag","embeddable":true,"href":"https:\/\/tuszuj.pl\/index.php?rest_route=%2Fwp%2Fv2%2Fproduct_tag&post=25819"}],"curies":[{"name":"wp","href":"https:\/\/api.w.org\/{rel}","templated":true}]}}