{"id":25824,"date":"2024-01-28T16:35:03","date_gmt":"2024-01-28T15:35:03","guid":{"rendered":"https:\/\/tuszuj.pl\/?post_type=product&#038;p=25824"},"modified":"2024-05-05T16:13:35","modified_gmt":"2024-05-05T14:13:35","slug":"kalkulator-casio-fx-991cex-naukowy","status":"publish","type":"product","link":"https:\/\/tuszuj.pl\/?product=kalkulator-casio-fx-991cex-naukowy","title":{"rendered":"Kalkulator Casio FX-991CEX naukowy"},"content":{"rendered":"<p>Seria Kalkulator\u00f3w ClassWiz obs\u0142ugiwanych w j\u0119z. czeskim, w\u0119gierskim, polskim i s\u0142owackim<\/p>\n<p>Wy\u015bwietlacz wysokiej rozdzielczo\u015bci, funkcja arkusza kalkulacyjnego oraz QR kod \u2013 CASIO ClassWiz posiada wiele nowych funkcji i, po raz pierwszy, mo\u017ce by\u0107 obs\u0142ugiwany ca\u0142kowicie w j\u0119z. czeskim, w\u0119gierskim, polskim i s\u0142owackim.<\/p>\n<p>Nowo\u015b\u0107<\/p>\n<p>Po raz pierwszy w kalkulatorze naukowym pojawia si\u0119 arkusz kalkulacyjny, kt\u00f3ry pozwala na wykonywanie podstawowych kalkulacji. Dodatkowo, dzi\u0119ki funkcji QR kod, wyniki mog\u0105 by\u0107 wy\u015bwietlane na smartfonie lub tablecie.*<\/p>\n<p>Szczeg\u00f3\u0142owa specyfikacja<\/p>\n<p>\u2022 Wy\u015bwietlacz LCD o wysokiej rozdzielczo\u015bci 192 x 63 piksele<\/p>\n<p>\u2022 Naturalny system vpam \u2013 Naturalny zapis<\/p>\n<p>\u2022 668 funkcji<\/p>\n<p>\u2022 Menu ikon<\/p>\n<p>\u2022 Arkusz kalkulacyjny<\/p>\n<p>\u2022 Funkcja QR kod<\/p>\n<p>\u2022 Rozwi\u0105zywanie r\u00f3wna\u0144 i uk\u0142ad\u00f3w do 4 r\u00f3wna\u0144<\/p>\n<p>\u2022 Obliczenia na macierzach o rozmiarach 4&#215;4<\/p>\n<p>\u2022 Obliczenia wektorowe<\/p>\n<p>\u2022 Ca\u0142ki<\/p>\n<p>\u2022 R\u00f3wnania r\u00f3\u017cniczkowe<\/p>\n<p>\u2022 Rozk\u0142ad prawdopodobie\u0144stwa<\/p>\n<p>\u2022 Liczenie z jednostkami technicznymi<\/p>\n<p>\u2022 Przycisk cofania undo<\/p>\n<p>\u2022 Liczby zespolone<\/p>\n<p>\u2022 Obliczenia we wszystkich systemach liczbowych<\/p>\n<p>\u2022 R\u00f3wnania<\/p>\n<p>\u2022 Obliczanie nier\u00f3wno\u015bci<\/p>\n<p>\u2022 Obliczanie sum<\/p>\n<p>\u2022 47 sta\u0142ych naukowych<\/p>\n<p>\u2022 38 przelicze\u0144 metrycznych<\/p>\n<p>\u2022 Waga atomowa (uk\u0142ad okresowy)<\/p>\n<p>\u2022 Automatyczny nawias<\/p>\n<p>\u2022 Ilo\u015b\u0107 nawias\u00f3w: 24<\/p>\n<p>\u2022 9 kom\u00f3rek pami\u0119ci<\/p>\n<p>\u2022 Funkcje trygonometryczne i hiperboliczne<\/p>\n<p>\u2022 Pot\u0119ga i pierwiastek pot\u0119gi<\/p>\n<p>\u2022 Obliczanie logarytmu<\/p>\n<p>\u2022 Funkcje wyk\u0142adnicze<\/p>\n<p>\u2022 Obliczanie pierwiastka<\/p>\n<p>\u2022 Kombinacje i permutacje<\/p>\n<p>\u2022 Rozk\u0142ad na czynniki pierwsze<\/p>\n<p>\u2022 Zmienna losowa liczb ca\u0142kowitych<\/p>\n<p>\u2022 Konwersja wsp\u00f3\u0142rz\u0119dnych biegunowych i prostok\u0105tnych<\/p>\n<p>\u2022 U\u0142amki (dwa tryby)<\/p>\n<p>\u2022 Konwersja systemu sze\u015b\u0107dziesi\u0119tnego i dzi\u0119si\u0119tnego<\/p>\n<p>\u2022 Obliczenia w DEG, GRAD, RAD<\/p>\n<p>\u2022 Funkcja SCI\/FIX\/ENG<\/p>\n<p>\u2022 Statystyka<\/p>\n<p>\u2022 Obliczenia statystyczne z jedn\u0105 zmienn\u0105<\/p>\n<p>\u2022 Odchylenie standardowe<\/p>\n<p>\u2022 Obliczenia statystyczne z dwiema zmiennymi (regresja)<\/p>\n<p>\u2022 Obliczenia procentowe<\/p>\n<p>\u2022 Ilo\u015b\u0107 nawias\u00f3w: 24<\/p>\n<p>\u2022 Automatyczne dodawanie nawias\u00f3w<\/p>\n<p>\u2022 Zapis z symbolem ?<\/p>\n<p>\u2022 Zapis z symbolem ?<\/p>\n<p>\u2022 Tabela funkcji<\/p>\n<p>\u2022 J\u0119zyk czeski, w\u0119gierski, polski i s\u0142owacki<\/p>\n<p>&nbsp;<\/p>\n<p>Og\u00f3lna specyfikacja<\/p>\n<p>&nbsp;<\/p>\n<p>\u2022 668 funkcji<\/p>\n<p>\u2022 Wy\u015bwietlacz: naturalny vpam<\/p>\n<p>LCD o wysokiej rozdzielczo\u015bci 63 x 192 piksele, 16\/10 + 2 cyfry<\/p>\n<p>\u2022 Zasilanie: solar + bateria (1xLR44)<\/p>\n<p>\u2022 Posiada tward\u0105 nasuwan\u0105 obudow\u0119<\/p>\n<p>\u2022 Wymiary: 77 x 165,5 x 11,1 mm<\/p>\n<p>\u2022 Waga: 90 gr<\/p>\n<p>\u2022 EAN: 4549526602047<\/p>\n","protected":false},"excerpt":{"rendered":"<p>Seria Kalkulator\u00f3w ClassWiz obs\u0142ugiwanych w j\u0119z. czeskim, w\u0119gierskim, polskim i s\u0142owackim Wy\u015bwietlacz wysokiej rozdzielczo\u015bci, funkcja arkusza kalkulacyjnego oraz QR kod \u2013 CASIO ClassWiz posiada wiele nowych funkcji i, po raz pierwszy, mo\u017ce by\u0107 obs\u0142ugiwany ca\u0142kowicie w j\u0119z. czeskim, w\u0119gierskim, polskim i s\u0142owackim. Nowo\u015b\u0107 Po raz pierwszy w kalkulatorze naukowym pojawia si\u0119 arkusz kalkulacyjny, kt\u00f3ry pozwala [&hellip;]<\/p>\n","protected":false},"featured_media":25841,"template":"","meta":{"jetpack_post_was_ever_published":false,"jetpack_publicize_message":"","jetpack_publicize_feature_enabled":true,"jetpack_social_post_already_shared":true,"jetpack_social_options":{"image_generator_settings":{"template":"highway","enabled":false}}},"product_cat":[278,280],"product_tag":[],"jetpack_publicize_connections":[],"jetpack_sharing_enabled":true,"_links":{"self":[{"href":"https:\/\/tuszuj.pl\/index.php?rest_route=\/wp\/v2\/product\/25824"}],"collection":[{"href":"https:\/\/tuszuj.pl\/index.php?rest_route=\/wp\/v2\/product"}],"about":[{"href":"https:\/\/tuszuj.pl\/index.php?rest_route=\/wp\/v2\/types\/product"}],"wp:featuredmedia":[{"embeddable":true,"href":"https:\/\/tuszuj.pl\/index.php?rest_route=\/wp\/v2\/media\/25841"}],"wp:attachment":[{"href":"https:\/\/tuszuj.pl\/index.php?rest_route=%2Fwp%2Fv2%2Fmedia&parent=25824"}],"wp:term":[{"taxonomy":"product_cat","embeddable":true,"href":"https:\/\/tuszuj.pl\/index.php?rest_route=%2Fwp%2Fv2%2Fproduct_cat&post=25824"},{"taxonomy":"product_tag","embeddable":true,"href":"https:\/\/tuszuj.pl\/index.php?rest_route=%2Fwp%2Fv2%2Fproduct_tag&post=25824"}],"curies":[{"name":"wp","href":"https:\/\/api.w.org\/{rel}","templated":true}]}}