{"id":25826,"date":"2024-01-28T16:54:05","date_gmt":"2024-01-28T15:54:05","guid":{"rendered":"https:\/\/tuszuj.pl\/?post_type=product&#038;p=25826"},"modified":"2024-01-31T13:53:23","modified_gmt":"2024-01-31T12:53:23","slug":"zszywacz-office-products-40k-metal-czarny","status":"publish","type":"product","link":"https:\/\/tuszuj.pl\/?product=zszywacz-office-products-40k-metal-czarny","title":{"rendered":"Zszywacz Office Products 40k metal czarny"},"content":{"rendered":"<ul>\n<li>zszywa do 40 kartek<\/li>\n<li>obudowa i mechanizm metalowe, na ramieniu plastikowy element wyko\u0144czenia<\/li>\n<li>na zszywki nr 24\/6, 26\/6\/, 23\/6, 24\/8<\/li>\n<li>w magazynku mie\u015bci si\u0119 200 zszywek<\/li>\n<li>g\u0142\u0119boko\u015b\u0107 wsuni\u0119cia kartki 90mm<\/li>\n<li>zszywanie: zamkni\u0119te, otwarte, tapicerskie<\/li>\n<li>podstawa przeciwpo\u015blizgowa<\/li>\n<li>wska\u017anik zu\u017cycia zszywek<\/li>\n<li>na zszywaczu nadrukowana nazwa marki<\/li>\n<li>pakowany po 1szt. w kartonowe pude\u0142ko<\/li>\n<li>gwarancja 5 lat<\/li>\n<li>kolor: czarny<\/li>\n<\/ul>\n","protected":false},"excerpt":{"rendered":"<p>zszywa do 40 kartek obudowa i mechanizm metalowe, na ramieniu plastikowy element wyko\u0144czenia na zszywki nr 24\/6, 26\/6\/, 23\/6, 24\/8 w magazynku mie\u015bci si\u0119 200 zszywek g\u0142\u0119boko\u015b\u0107 wsuni\u0119cia kartki 90mm zszywanie: zamkni\u0119te, otwarte, tapicerskie podstawa przeciwpo\u015blizgowa wska\u017anik zu\u017cycia zszywek na zszywaczu nadrukowana nazwa marki pakowany po 1szt. w kartonowe pude\u0142ko gwarancja 5 lat kolor: czarny<\/p>\n","protected":false},"featured_media":25849,"template":"","meta":{"jetpack_post_was_ever_published":false,"jetpack_publicize_message":"","jetpack_publicize_feature_enabled":true,"jetpack_social_post_already_shared":true,"jetpack_social_options":{"image_generator_settings":{"template":"highway","enabled":false}}},"product_cat":[278,284],"product_tag":[],"jetpack_publicize_connections":[],"jetpack_sharing_enabled":true,"_links":{"self":[{"href":"https:\/\/tuszuj.pl\/index.php?rest_route=\/wp\/v2\/product\/25826"}],"collection":[{"href":"https:\/\/tuszuj.pl\/index.php?rest_route=\/wp\/v2\/product"}],"about":[{"href":"https:\/\/tuszuj.pl\/index.php?rest_route=\/wp\/v2\/types\/product"}],"wp:featuredmedia":[{"embeddable":true,"href":"https:\/\/tuszuj.pl\/index.php?rest_route=\/wp\/v2\/media\/25849"}],"wp:attachment":[{"href":"https:\/\/tuszuj.pl\/index.php?rest_route=%2Fwp%2Fv2%2Fmedia&parent=25826"}],"wp:term":[{"taxonomy":"product_cat","embeddable":true,"href":"https:\/\/tuszuj.pl\/index.php?rest_route=%2Fwp%2Fv2%2Fproduct_cat&post=25826"},{"taxonomy":"product_tag","embeddable":true,"href":"https:\/\/tuszuj.pl\/index.php?rest_route=%2Fwp%2Fv2%2Fproduct_tag&post=25826"}],"curies":[{"name":"wp","href":"https:\/\/api.w.org\/{rel}","templated":true}]}}