{"id":25827,"date":"2024-01-28T17:05:02","date_gmt":"2024-01-28T16:05:02","guid":{"rendered":"https:\/\/tuszuj.pl\/?post_type=product&#038;p=25827"},"modified":"2024-05-05T16:11:41","modified_gmt":"2024-05-05T14:11:41","slug":"zszywacz-kangaro-ds-23s13ql-do-100-kartek","status":"publish","type":"product","link":"https:\/\/tuszuj.pl\/?product=zszywacz-kangaro-ds-23s13ql-do-100-kartek","title":{"rendered":"Zszywacz Kangaro DS-23S13QL do 100 kartek, mix kolor\u00f3w"},"content":{"rendered":"<ul>\n<li>solidny, profesjonalny zszywacz KANGARO DS-23S13QL do u\u017cytku biurowego<\/li>\n<li>metalowy korpus, obudowa z wytrzyma\u0142ego plastiku<\/li>\n<li>mi\u0119kki gumowy uchwyt<\/li>\n<li>pojemnik na zszywki<\/li>\n<li>mechanizm szybkiego \u0142adowania u\u0142atwia uzupe\u0142nianie zszywek<\/li>\n<li>regulowana prowadnica papieru z zameczkiem<\/li>\n<li>obracane kowade\u0142ko do tymczasowego zszywania (przypinania)<\/li>\n<li>przeciwpo\u015blizgowe n\u00f3\u017cki chroni\u0105ce biurko przed zadrapaniem<\/li>\n<li>nazwa producenta i model trwale naniesiony przez producenta na obudowie<\/li>\n<li>wyposa\u017cony w wska\u017anik rozmiaru aktualnie za\u0142adowanych zszywek<\/li>\n<li>zszywki \u0142adowane od g\u00f3ry<\/li>\n<li>zszywki: 23\/6 ~ 23\/13<\/li>\n<li>pojemno\u015b\u0107: 100 zszywek<\/li>\n<li>zszywa: 100 kartek<\/li>\n<li>regulowana g\u0142\u0119boko\u015b\u0107 wsuni\u0119cia kartki: 60mm<\/li>\n<li>10 lat gwarancji<\/li>\n<li>mix kolor\u00f3w (czarno-be\u017cowy lub niebiesko-be\u017cowy)<\/li>\n<li>film:\u00a0<a href=\"https:\/\/www.youtube.com\/watch?v=r4hQ8aJbB5I\" target=\"_blank\" rel=\"noopener\">https:\/\/www.youtube.com\/watch?v=r4hQ8aJbB5I<\/a><\/li>\n<\/ul>\n<p>Uwaga: kolor obudowy prosimy wskaza\u0107 w uwagach do zam\u00f3wienia. W przypadku braku wskazania, kolor zostanie wybrany losowo<\/p>\n","protected":false},"excerpt":{"rendered":"<p>solidny, profesjonalny zszywacz KANGARO DS-23S13QL do u\u017cytku biurowego metalowy korpus, obudowa z wytrzyma\u0142ego plastiku mi\u0119kki gumowy uchwyt pojemnik na zszywki mechanizm szybkiego \u0142adowania u\u0142atwia uzupe\u0142nianie zszywek regulowana prowadnica papieru z zameczkiem obracane kowade\u0142ko do tymczasowego zszywania (przypinania) przeciwpo\u015blizgowe n\u00f3\u017cki chroni\u0105ce biurko przed zadrapaniem nazwa producenta i model trwale naniesiony przez producenta na obudowie wyposa\u017cony w [&hellip;]<\/p>\n","protected":false},"featured_media":25844,"template":"","meta":{"jetpack_post_was_ever_published":false,"jetpack_publicize_message":"","jetpack_publicize_feature_enabled":true,"jetpack_social_post_already_shared":true,"jetpack_social_options":{"image_generator_settings":{"template":"highway","enabled":false}}},"product_cat":[278,284],"product_tag":[],"jetpack_publicize_connections":[],"jetpack_sharing_enabled":true,"_links":{"self":[{"href":"https:\/\/tuszuj.pl\/index.php?rest_route=\/wp\/v2\/product\/25827"}],"collection":[{"href":"https:\/\/tuszuj.pl\/index.php?rest_route=\/wp\/v2\/product"}],"about":[{"href":"https:\/\/tuszuj.pl\/index.php?rest_route=\/wp\/v2\/types\/product"}],"wp:featuredmedia":[{"embeddable":true,"href":"https:\/\/tuszuj.pl\/index.php?rest_route=\/wp\/v2\/media\/25844"}],"wp:attachment":[{"href":"https:\/\/tuszuj.pl\/index.php?rest_route=%2Fwp%2Fv2%2Fmedia&parent=25827"}],"wp:term":[{"taxonomy":"product_cat","embeddable":true,"href":"https:\/\/tuszuj.pl\/index.php?rest_route=%2Fwp%2Fv2%2Fproduct_cat&post=25827"},{"taxonomy":"product_tag","embeddable":true,"href":"https:\/\/tuszuj.pl\/index.php?rest_route=%2Fwp%2Fv2%2Fproduct_tag&post=25827"}],"curies":[{"name":"wp","href":"https:\/\/api.w.org\/{rel}","templated":true}]}}