{"id":25828,"date":"2024-01-28T17:15:35","date_gmt":"2024-01-28T16:15:35","guid":{"rendered":"https:\/\/tuszuj.pl\/?post_type=product&#038;p=25828"},"modified":"2026-01-06T19:50:19","modified_gmt":"2026-01-06T18:50:19","slug":"zszywacz-sax170-do-40-kartek-mix-kolorow","status":"publish","type":"product","link":"https:\/\/tuszuj.pl\/?product=zszywacz-sax170-do-40-kartek-mix-kolorow","title":{"rendered":"Zszywacz SAX170 \u0142atwiejsze zszywanie, do 40 kartek, mix kolor\u00f3w"},"content":{"rendered":"<ul>\n<li>metalowy mechanizm, obudowa z wytrzyma\u0142ego plastiku<\/li>\n<li>nowatorski mechanizm umo\u017cliwia zastosowanie si\u0142y o 60% mniejszej, ni\u017c w przypadku klasycznego zszywacza<\/li>\n<li>system &#8222;front loader&#8221; umo\u017cliwia \u0142atwiejsze uzupe\u0142nienie zszywek z przodu<\/li>\n<li>zdolno\u015b\u0107 zszywania: do 40 kartek<\/li>\n<li>wyposa\u017cony w zintegrowany rozszywacz<\/li>\n<li>g\u0142\u0119boko\u015b\u0107 wsuni\u0119cia kartki: 86mm<\/li>\n<li>zszywki: 24\/6, 24\/8, 26\/6 lub 26\/8<\/li>\n<li>pojemno\u015b\u0107: 100 zszywek<\/li>\n<li>gwarancja 10 lat<\/li>\n<li>mix kolor\u00f3w: czarny, czerwony, niebieski<\/li>\n<\/ul>\n<p>Uwaga: kolor obudowy prosimy wskaza\u0107 w uwagach do zam\u00f3wienia. W przypadku braku wskazania, kolor zostanie wybrany losowo<\/p>\n","protected":false},"excerpt":{"rendered":"<p>metalowy mechanizm, obudowa z wytrzyma\u0142ego plastiku nowatorski mechanizm umo\u017cliwia zastosowanie si\u0142y o 60% mniejszej, ni\u017c w przypadku klasycznego zszywacza system &#8222;front loader&#8221; umo\u017cliwia \u0142atwiejsze uzupe\u0142nienie zszywek z przodu zdolno\u015b\u0107 zszywania: do 40 kartek wyposa\u017cony w zintegrowany rozszywacz g\u0142\u0119boko\u015b\u0107 wsuni\u0119cia kartki: 86mm zszywki: 24\/6, 24\/8, 26\/6 lub 26\/8 pojemno\u015b\u0107: 100 zszywek gwarancja 10 lat mix kolor\u00f3w: [&hellip;]<\/p>\n","protected":false},"featured_media":25846,"template":"","meta":{"jetpack_post_was_ever_published":false,"jetpack_publicize_message":"","jetpack_publicize_feature_enabled":true,"jetpack_social_post_already_shared":true,"jetpack_social_options":{"image_generator_settings":{"template":"highway","enabled":false}}},"product_cat":[278,284],"product_tag":[],"jetpack_publicize_connections":[],"jetpack_sharing_enabled":true,"_links":{"self":[{"href":"https:\/\/tuszuj.pl\/index.php?rest_route=\/wp\/v2\/product\/25828"}],"collection":[{"href":"https:\/\/tuszuj.pl\/index.php?rest_route=\/wp\/v2\/product"}],"about":[{"href":"https:\/\/tuszuj.pl\/index.php?rest_route=\/wp\/v2\/types\/product"}],"wp:featuredmedia":[{"embeddable":true,"href":"https:\/\/tuszuj.pl\/index.php?rest_route=\/wp\/v2\/media\/25846"}],"wp:attachment":[{"href":"https:\/\/tuszuj.pl\/index.php?rest_route=%2Fwp%2Fv2%2Fmedia&parent=25828"}],"wp:term":[{"taxonomy":"product_cat","embeddable":true,"href":"https:\/\/tuszuj.pl\/index.php?rest_route=%2Fwp%2Fv2%2Fproduct_cat&post=25828"},{"taxonomy":"product_tag","embeddable":true,"href":"https:\/\/tuszuj.pl\/index.php?rest_route=%2Fwp%2Fv2%2Fproduct_tag&post=25828"}],"curies":[{"name":"wp","href":"https:\/\/api.w.org\/{rel}","templated":true}]}}