{"id":25833,"date":"2024-01-28T19:20:36","date_gmt":"2024-01-28T18:20:36","guid":{"rendered":"https:\/\/tuszuj.pl\/?post_type=product&#038;p=25833"},"modified":"2024-05-05T16:09:24","modified_gmt":"2024-05-05T14:09:24","slug":"dziurkacz-office-products-40k-metal-czarny","status":"publish","type":"product","link":"https:\/\/tuszuj.pl\/?product=dziurkacz-office-products-40k-metal-czarny","title":{"rendered":"Dziurkacz OFFICE PRODUCTS 40k, metal, czarny"},"content":{"rendered":"<ul>\n<li>dziurkacz do 40 kartek<\/li>\n<li>mechanizm i obudowa metalowe<\/li>\n<li>g\u0142\u0119boko\u015b\u0107 wsuwania kartek: 12mm<\/li>\n<li>odst\u0119p pomi\u0119dzy dziurkami: 80mm<\/li>\n<li>\u015brednica dziurki: 5,5mm<\/li>\n<li>ogranicznik formatu: Q1, US-Quart, 888, Folio, A4, A3-E,\u00a0 A5, A6, B5, B6, Ex<\/li>\n<li>antypo\u015blizgowa plastikowa nak\u0142adka na podstaw\u0119<\/li>\n<li>wska\u017anik \u015brodka strony<\/li>\n<li>posiada wbudowan\u0105 blokad\u0119 ramienia<\/li>\n<li>na dziurkaczu nadrukowana nazwa marki<\/li>\n<li>pakowany po 1szt. w kartonowe pude\u0142ko<\/li>\n<li>gwarancja 5 lat<\/li>\n<\/ul>\n","protected":false},"excerpt":{"rendered":"<p>dziurkacz do 40 kartek mechanizm i obudowa metalowe g\u0142\u0119boko\u015b\u0107 wsuwania kartek: 12mm odst\u0119p pomi\u0119dzy dziurkami: 80mm \u015brednica dziurki: 5,5mm ogranicznik formatu: Q1, US-Quart, 888, Folio, A4, A3-E,\u00a0 A5, A6, B5, B6, Ex antypo\u015blizgowa plastikowa nak\u0142adka na podstaw\u0119 wska\u017anik \u015brodka strony posiada wbudowan\u0105 blokad\u0119 ramienia na dziurkaczu nadrukowana nazwa marki pakowany po 1szt. w kartonowe pude\u0142ko [&hellip;]<\/p>\n","protected":false},"featured_media":25834,"template":"","meta":{"jetpack_post_was_ever_published":false,"jetpack_publicize_message":"","jetpack_publicize_feature_enabled":true,"jetpack_social_post_already_shared":true,"jetpack_social_options":{"image_generator_settings":{"template":"highway","enabled":false}}},"product_cat":[278,282],"product_tag":[],"jetpack_publicize_connections":[],"jetpack_sharing_enabled":true,"_links":{"self":[{"href":"https:\/\/tuszuj.pl\/index.php?rest_route=\/wp\/v2\/product\/25833"}],"collection":[{"href":"https:\/\/tuszuj.pl\/index.php?rest_route=\/wp\/v2\/product"}],"about":[{"href":"https:\/\/tuszuj.pl\/index.php?rest_route=\/wp\/v2\/types\/product"}],"wp:featuredmedia":[{"embeddable":true,"href":"https:\/\/tuszuj.pl\/index.php?rest_route=\/wp\/v2\/media\/25834"}],"wp:attachment":[{"href":"https:\/\/tuszuj.pl\/index.php?rest_route=%2Fwp%2Fv2%2Fmedia&parent=25833"}],"wp:term":[{"taxonomy":"product_cat","embeddable":true,"href":"https:\/\/tuszuj.pl\/index.php?rest_route=%2Fwp%2Fv2%2Fproduct_cat&post=25833"},{"taxonomy":"product_tag","embeddable":true,"href":"https:\/\/tuszuj.pl\/index.php?rest_route=%2Fwp%2Fv2%2Fproduct_tag&post=25833"}],"curies":[{"name":"wp","href":"https:\/\/api.w.org\/{rel}","templated":true}]}}