{"id":25837,"date":"2024-01-28T19:33:13","date_gmt":"2024-01-28T18:33:13","guid":{"rendered":"https:\/\/tuszuj.pl\/?post_type=product&#038;p=25837"},"modified":"2024-06-11T08:48:29","modified_gmt":"2024-06-11T06:48:29","slug":"dziurkacz-office-products-do-12-kartek-metal-czarny","status":"publish","type":"product","link":"https:\/\/tuszuj.pl\/?product=dziurkacz-office-products-do-12-kartek-metal-czarny","title":{"rendered":"Dziurkacz OFFICE PRODUCTS do 12 kartek, metal, czarny"},"content":{"rendered":"<ul>\n<li>dziurkacz do 12 kartek<\/li>\n<li>mechanizm i obudowa metalowe<\/li>\n<li>g\u0142\u0119boko\u015b\u0107 wsuwania kartek: 12mm<\/li>\n<li>odst\u0119p pomi\u0119dzy dziurkami: 80mm<\/li>\n<li>\u015brednica dziurki: 5,5mm<\/li>\n<li>ogranicznik formatu: A4,A5,A6,888<\/li>\n<li>antypo\u015blizgowa plastikowa nak\u0142adka na podstaw\u0119<\/li>\n<li>wska\u017anik \u015brodka strony<\/li>\n<li>posiada blokad\u0119 ramienia\u00a0 w postaci wyjmowanego plastikowego ogranicznika<\/li>\n<li>na dziurkaczu nadrukowana nazwa marki<\/li>\n<li>pakowany po 1szt. w kartonowe pude\u0142ko<\/li>\n<li>gwarancja 5 lat<\/li>\n<\/ul>\n","protected":false},"excerpt":{"rendered":"<p>dziurkacz do 12 kartek mechanizm i obudowa metalowe g\u0142\u0119boko\u015b\u0107 wsuwania kartek: 12mm odst\u0119p pomi\u0119dzy dziurkami: 80mm \u015brednica dziurki: 5,5mm ogranicznik formatu: A4,A5,A6,888 antypo\u015blizgowa plastikowa nak\u0142adka na podstaw\u0119 wska\u017anik \u015brodka strony posiada blokad\u0119 ramienia\u00a0 w postaci wyjmowanego plastikowego ogranicznika na dziurkaczu nadrukowana nazwa marki pakowany po 1szt. w kartonowe pude\u0142ko gwarancja 5 lat<\/p>\n","protected":false},"featured_media":25838,"template":"","meta":{"jetpack_post_was_ever_published":false,"jetpack_publicize_message":"","jetpack_publicize_feature_enabled":true,"jetpack_social_post_already_shared":true,"jetpack_social_options":{"image_generator_settings":{"template":"highway","enabled":false}}},"product_cat":[278,282],"product_tag":[],"jetpack_publicize_connections":[],"jetpack_sharing_enabled":true,"_links":{"self":[{"href":"https:\/\/tuszuj.pl\/index.php?rest_route=\/wp\/v2\/product\/25837"}],"collection":[{"href":"https:\/\/tuszuj.pl\/index.php?rest_route=\/wp\/v2\/product"}],"about":[{"href":"https:\/\/tuszuj.pl\/index.php?rest_route=\/wp\/v2\/types\/product"}],"wp:featuredmedia":[{"embeddable":true,"href":"https:\/\/tuszuj.pl\/index.php?rest_route=\/wp\/v2\/media\/25838"}],"wp:attachment":[{"href":"https:\/\/tuszuj.pl\/index.php?rest_route=%2Fwp%2Fv2%2Fmedia&parent=25837"}],"wp:term":[{"taxonomy":"product_cat","embeddable":true,"href":"https:\/\/tuszuj.pl\/index.php?rest_route=%2Fwp%2Fv2%2Fproduct_cat&post=25837"},{"taxonomy":"product_tag","embeddable":true,"href":"https:\/\/tuszuj.pl\/index.php?rest_route=%2Fwp%2Fv2%2Fproduct_tag&post=25837"}],"curies":[{"name":"wp","href":"https:\/\/api.w.org\/{rel}","templated":true}]}}