{"id":25851,"date":"2024-01-28T21:27:21","date_gmt":"2024-01-28T20:27:21","guid":{"rendered":"https:\/\/tuszuj.pl\/?post_type=product&#038;p=25851"},"modified":"2024-05-05T16:09:24","modified_gmt":"2024-05-05T14:09:24","slug":"dziurkacz-kangaro-perfo-30-dziurkuje-do-30-kartek-mix-kolor","status":"publish","type":"product","link":"https:\/\/tuszuj.pl\/?product=dziurkacz-kangaro-perfo-30-dziurkuje-do-30-kartek-mix-kolor","title":{"rendered":"Dziurkacz Kangaro Perfo 30, dziurkuje do 30 kartek, mix kolor"},"content":{"rendered":"<ul>\n<li>ergonomiczny, \u015bredniej wielko\u015bci dziurkacz Perfo-30 w jaskrawych kolorach<\/li>\n<li>posiada prowadnic\u0119 umo\u017cliwiaj\u0105ca precyzyjne dziurkowanie<\/li>\n<li>konstrukcja w ca\u0142o\u015bci wykonana z metalu<\/li>\n<li>uchwyt z blokad\u0105<\/li>\n<li>wyjmowana tacka na \u015bcinki<\/li>\n<li>dziurkuje: do 30 kartek<\/li>\n<li>odleg\u0142o\u015b\u0107 dziurek: 80mm<\/li>\n<li>\u015brednica dziurki: 5,50mm<\/li>\n<li>10 lat gwarancji<\/li>\n<li>mix kolor\u00f3w: czarny, czerwony, niebieski, zielony<\/li>\n<\/ul>\n<p>Uwaga: kolor obudowy prosimy wskaza\u0107 w uwagach do zam\u00f3wienia. W przypadku braku wskazania, kolor zostanie wybrany losowo<\/p>\n","protected":false},"excerpt":{"rendered":"<p>ergonomiczny, \u015bredniej wielko\u015bci dziurkacz Perfo-30 w jaskrawych kolorach posiada prowadnic\u0119 umo\u017cliwiaj\u0105ca precyzyjne dziurkowanie konstrukcja w ca\u0142o\u015bci wykonana z metalu uchwyt z blokad\u0105 wyjmowana tacka na \u015bcinki dziurkuje: do 30 kartek odleg\u0142o\u015b\u0107 dziurek: 80mm \u015brednica dziurki: 5,50mm 10 lat gwarancji mix kolor\u00f3w: czarny, czerwony, niebieski, zielony Uwaga: kolor obudowy prosimy wskaza\u0107 w uwagach do zam\u00f3wienia. W [&hellip;]<\/p>\n","protected":false},"featured_media":25853,"template":"","meta":{"jetpack_post_was_ever_published":false,"jetpack_publicize_message":"","jetpack_publicize_feature_enabled":true,"jetpack_social_post_already_shared":true,"jetpack_social_options":{"image_generator_settings":{"template":"highway","enabled":false}}},"product_cat":[278,282],"product_tag":[],"jetpack_publicize_connections":[],"jetpack_sharing_enabled":true,"_links":{"self":[{"href":"https:\/\/tuszuj.pl\/index.php?rest_route=\/wp\/v2\/product\/25851"}],"collection":[{"href":"https:\/\/tuszuj.pl\/index.php?rest_route=\/wp\/v2\/product"}],"about":[{"href":"https:\/\/tuszuj.pl\/index.php?rest_route=\/wp\/v2\/types\/product"}],"wp:featuredmedia":[{"embeddable":true,"href":"https:\/\/tuszuj.pl\/index.php?rest_route=\/wp\/v2\/media\/25853"}],"wp:attachment":[{"href":"https:\/\/tuszuj.pl\/index.php?rest_route=%2Fwp%2Fv2%2Fmedia&parent=25851"}],"wp:term":[{"taxonomy":"product_cat","embeddable":true,"href":"https:\/\/tuszuj.pl\/index.php?rest_route=%2Fwp%2Fv2%2Fproduct_cat&post=25851"},{"taxonomy":"product_tag","embeddable":true,"href":"https:\/\/tuszuj.pl\/index.php?rest_route=%2Fwp%2Fv2%2Fproduct_tag&post=25851"}],"curies":[{"name":"wp","href":"https:\/\/api.w.org\/{rel}","templated":true}]}}