{"id":25856,"date":"2024-01-28T21:50:17","date_gmt":"2024-01-28T20:50:17","guid":{"rendered":"https:\/\/tuszuj.pl\/?post_type=product&#038;p=25856"},"modified":"2024-05-05T16:41:10","modified_gmt":"2024-05-05T14:41:10","slug":"koszulki-na-dokumenty-donau-a100-pp-a4-krystal-50-mikro-pudelko","status":"publish","type":"product","link":"https:\/\/tuszuj.pl\/?product=koszulki-na-dokumenty-donau-a100-pp-a4-krystal-50-mikro-pudelko","title":{"rendered":"Koszulki na dokumenty DONAU a&#8217;100, PP, A4, krystal, 50 mikro, pude\u0142ko"},"content":{"rendered":"<ul>\n<li>wykonane z mi\u0119kkiej, g\u0142adkiej folii polipropylenowej o grubo\u015bci 50\u03bcm, wzmocniony brzeg<\/li>\n<li>posiada w\u0142a\u015bciwo\u015bci antyrefleksyjne<\/li>\n<li>krystaliczne, transparentne<\/li>\n<li>otwarte na g\u00f3rze<\/li>\n<li>antyelektrostatyczne<\/li>\n<li>odpowiednie do dokument\u00f3w w formacie A4<\/li>\n<li>ilo\u015b\u0107 dziurek do wpi\u0119cia: 11<\/li>\n<li>rozmiar: 230x305mm<\/li>\n<li>100 sztuk w j.s. (kartonik)<\/li>\n<li>kolor transparentny<\/li>\n<\/ul>\n","protected":false},"excerpt":{"rendered":"<p>wykonane z mi\u0119kkiej, g\u0142adkiej folii polipropylenowej o grubo\u015bci 50\u03bcm, wzmocniony brzeg posiada w\u0142a\u015bciwo\u015bci antyrefleksyjne krystaliczne, transparentne otwarte na g\u00f3rze antyelektrostatyczne odpowiednie do dokument\u00f3w w formacie A4 ilo\u015b\u0107 dziurek do wpi\u0119cia: 11 rozmiar: 230x305mm 100 sztuk w j.s. (kartonik) kolor transparentny<\/p>\n","protected":false},"featured_media":25857,"template":"","meta":{"jetpack_post_was_ever_published":false,"jetpack_publicize_message":"","jetpack_publicize_feature_enabled":true,"jetpack_social_post_already_shared":true,"jetpack_social_options":{"image_generator_settings":{"template":"highway","enabled":false}}},"product_cat":[278,290],"product_tag":[],"jetpack_publicize_connections":[],"jetpack_sharing_enabled":true,"_links":{"self":[{"href":"https:\/\/tuszuj.pl\/index.php?rest_route=\/wp\/v2\/product\/25856"}],"collection":[{"href":"https:\/\/tuszuj.pl\/index.php?rest_route=\/wp\/v2\/product"}],"about":[{"href":"https:\/\/tuszuj.pl\/index.php?rest_route=\/wp\/v2\/types\/product"}],"wp:featuredmedia":[{"embeddable":true,"href":"https:\/\/tuszuj.pl\/index.php?rest_route=\/wp\/v2\/media\/25857"}],"wp:attachment":[{"href":"https:\/\/tuszuj.pl\/index.php?rest_route=%2Fwp%2Fv2%2Fmedia&parent=25856"}],"wp:term":[{"taxonomy":"product_cat","embeddable":true,"href":"https:\/\/tuszuj.pl\/index.php?rest_route=%2Fwp%2Fv2%2Fproduct_cat&post=25856"},{"taxonomy":"product_tag","embeddable":true,"href":"https:\/\/tuszuj.pl\/index.php?rest_route=%2Fwp%2Fv2%2Fproduct_tag&post=25856"}],"curies":[{"name":"wp","href":"https:\/\/api.w.org\/{rel}","templated":true}]}}