{"id":25862,"date":"2024-01-28T23:06:56","date_gmt":"2024-01-28T22:06:56","guid":{"rendered":"https:\/\/tuszuj.pl\/?post_type=product&#038;p=25862"},"modified":"2024-01-28T23:06:56","modified_gmt":"2024-01-28T22:06:56","slug":"kostka-biala-klejona-office-product-85x85x4","status":"publish","type":"product","link":"https:\/\/tuszuj.pl\/?product=kostka-biala-klejona-office-product-85x85x4","title":{"rendered":"Kostka bia\u0142a klejona OFFICE PRODUCT 85x85x4"},"content":{"rendered":"<ul>\n<li>kostka, karteczki klejone<\/li>\n<li>wymiary karteczki: 85x85mm<\/li>\n<li>wysoko\u015b\u0107 kostki: 40mm<\/li>\n<li>do wykorzystania jako samodzielny bloczek lub uzupe\u0142nienie pojemnika<\/li>\n<li>foliowana jednostka sprzeda\u017cy<\/li>\n<li>kolor bia\u0142y<\/li>\n<\/ul>\n","protected":false},"excerpt":{"rendered":"<p>kostka, karteczki klejone wymiary karteczki: 85x85mm wysoko\u015b\u0107 kostki: 40mm do wykorzystania jako samodzielny bloczek lub uzupe\u0142nienie pojemnika foliowana jednostka sprzeda\u017cy kolor bia\u0142y<\/p>\n","protected":false},"featured_media":25863,"template":"","meta":{"jetpack_post_was_ever_published":false,"jetpack_publicize_message":"","jetpack_publicize_feature_enabled":true,"jetpack_social_post_already_shared":true,"jetpack_social_options":{"image_generator_settings":{"template":"highway","enabled":false}}},"product_cat":[278],"product_tag":[],"jetpack_publicize_connections":[],"jetpack_sharing_enabled":true,"_links":{"self":[{"href":"https:\/\/tuszuj.pl\/index.php?rest_route=\/wp\/v2\/product\/25862"}],"collection":[{"href":"https:\/\/tuszuj.pl\/index.php?rest_route=\/wp\/v2\/product"}],"about":[{"href":"https:\/\/tuszuj.pl\/index.php?rest_route=\/wp\/v2\/types\/product"}],"wp:featuredmedia":[{"embeddable":true,"href":"https:\/\/tuszuj.pl\/index.php?rest_route=\/wp\/v2\/media\/25863"}],"wp:attachment":[{"href":"https:\/\/tuszuj.pl\/index.php?rest_route=%2Fwp%2Fv2%2Fmedia&parent=25862"}],"wp:term":[{"taxonomy":"product_cat","embeddable":true,"href":"https:\/\/tuszuj.pl\/index.php?rest_route=%2Fwp%2Fv2%2Fproduct_cat&post=25862"},{"taxonomy":"product_tag","embeddable":true,"href":"https:\/\/tuszuj.pl\/index.php?rest_route=%2Fwp%2Fv2%2Fproduct_tag&post=25862"}],"curies":[{"name":"wp","href":"https:\/\/api.w.org\/{rel}","templated":true}]}}