{"id":25864,"date":"2024-01-28T23:08:39","date_gmt":"2024-01-28T22:08:39","guid":{"rendered":"https:\/\/tuszuj.pl\/?post_type=product&#038;p=25864"},"modified":"2024-01-28T23:09:19","modified_gmt":"2024-01-28T22:09:19","slug":"kostka-biala-nieklejona-office-product-85x85x4","status":"publish","type":"product","link":"https:\/\/tuszuj.pl\/?product=kostka-biala-nieklejona-office-product-85x85x4","title":{"rendered":"Kostka bia\u0142a nieklejona OFFICE PRODUCT 85x85x4"},"content":{"rendered":"<ul>\n<li>kostka, karteczki nieklejone<\/li>\n<li>wymiary karteczki: 85x85mm<\/li>\n<li>wysoko\u015b\u0107 kostki: 40mm<\/li>\n<li>do wykorzystania jako samodzielny bloczek lub uzupe\u0142nienie pojemnika<\/li>\n<li>foliowana jednostka sprzeda\u017cy<\/li>\n<li>kolor bia\u0142y<\/li>\n<\/ul>\n","protected":false},"excerpt":{"rendered":"<p>kostka, karteczki nieklejone wymiary karteczki: 85x85mm wysoko\u015b\u0107 kostki: 40mm do wykorzystania jako samodzielny bloczek lub uzupe\u0142nienie pojemnika foliowana jednostka sprzeda\u017cy kolor bia\u0142y<\/p>\n","protected":false},"featured_media":25863,"template":"","meta":{"jetpack_post_was_ever_published":false,"jetpack_publicize_message":"","jetpack_publicize_feature_enabled":true,"jetpack_social_post_already_shared":true,"jetpack_social_options":{"image_generator_settings":{"template":"highway","enabled":false}}},"product_cat":[278],"product_tag":[],"jetpack_publicize_connections":[],"jetpack_sharing_enabled":true,"_links":{"self":[{"href":"https:\/\/tuszuj.pl\/index.php?rest_route=\/wp\/v2\/product\/25864"}],"collection":[{"href":"https:\/\/tuszuj.pl\/index.php?rest_route=\/wp\/v2\/product"}],"about":[{"href":"https:\/\/tuszuj.pl\/index.php?rest_route=\/wp\/v2\/types\/product"}],"wp:featuredmedia":[{"embeddable":true,"href":"https:\/\/tuszuj.pl\/index.php?rest_route=\/wp\/v2\/media\/25863"}],"wp:attachment":[{"href":"https:\/\/tuszuj.pl\/index.php?rest_route=%2Fwp%2Fv2%2Fmedia&parent=25864"}],"wp:term":[{"taxonomy":"product_cat","embeddable":true,"href":"https:\/\/tuszuj.pl\/index.php?rest_route=%2Fwp%2Fv2%2Fproduct_cat&post=25864"},{"taxonomy":"product_tag","embeddable":true,"href":"https:\/\/tuszuj.pl\/index.php?rest_route=%2Fwp%2Fv2%2Fproduct_tag&post=25864"}],"curies":[{"name":"wp","href":"https:\/\/api.w.org\/{rel}","templated":true}]}}