{"id":25886,"date":"2024-01-30T09:36:54","date_gmt":"2024-01-30T08:36:54","guid":{"rendered":"https:\/\/tuszuj.pl\/?post_type=product&#038;p=25886"},"modified":"2024-05-05T16:35:46","modified_gmt":"2024-05-05T14:35:46","slug":"dlugopis-automatyczny-toma-superline-069-zielony","status":"publish","type":"product","link":"https:\/\/tuszuj.pl\/?product=dlugopis-automatyczny-toma-superline-069-zielony","title":{"rendered":"D\u0142ugopis Automatyczny TOMA Superline 069 Zielony"},"content":{"rendered":"<p>Specyfikacja:<\/p>\n<p>\u2013 grubo\u015b\u0107 wk\u0142adu: 0.5 mm<br \/>\n\u2013 d\u0142ugopis automatyczny<br \/>\n\u2013 kolor tuszu: zielony<br \/>\n\u2013 klips i gumowy uchwyt w kolorze tuszu<br \/>\n\u2013 wentylowana nasadka<br \/>\n\u2013 d\u0142ugopis pisz\u0105cy super cienko dzi\u0119ki wk\u0142adowi Floating Ball opatentowanego prze szwajcarsk\u0105 firm\u0119 Premec.<\/p>\n","protected":false},"excerpt":{"rendered":"<p>Specyfikacja: \u2013 grubo\u015b\u0107 wk\u0142adu: 0.5 mm \u2013 d\u0142ugopis automatyczny \u2013 kolor tuszu: zielony \u2013 klips i gumowy uchwyt w kolorze tuszu \u2013 wentylowana nasadka \u2013 d\u0142ugopis pisz\u0105cy super cienko dzi\u0119ki wk\u0142adowi Floating Ball opatentowanego prze szwajcarsk\u0105 firm\u0119 Premec.<\/p>\n","protected":false},"featured_media":25887,"template":"","meta":{"jetpack_post_was_ever_published":false,"jetpack_publicize_message":"","jetpack_publicize_feature_enabled":true,"jetpack_social_post_already_shared":true,"jetpack_social_options":{"image_generator_settings":{"template":"highway","enabled":false}}},"product_cat":[278,288],"product_tag":[],"jetpack_publicize_connections":[],"jetpack_sharing_enabled":true,"_links":{"self":[{"href":"https:\/\/tuszuj.pl\/index.php?rest_route=\/wp\/v2\/product\/25886"}],"collection":[{"href":"https:\/\/tuszuj.pl\/index.php?rest_route=\/wp\/v2\/product"}],"about":[{"href":"https:\/\/tuszuj.pl\/index.php?rest_route=\/wp\/v2\/types\/product"}],"wp:featuredmedia":[{"embeddable":true,"href":"https:\/\/tuszuj.pl\/index.php?rest_route=\/wp\/v2\/media\/25887"}],"wp:attachment":[{"href":"https:\/\/tuszuj.pl\/index.php?rest_route=%2Fwp%2Fv2%2Fmedia&parent=25886"}],"wp:term":[{"taxonomy":"product_cat","embeddable":true,"href":"https:\/\/tuszuj.pl\/index.php?rest_route=%2Fwp%2Fv2%2Fproduct_cat&post=25886"},{"taxonomy":"product_tag","embeddable":true,"href":"https:\/\/tuszuj.pl\/index.php?rest_route=%2Fwp%2Fv2%2Fproduct_tag&post=25886"}],"curies":[{"name":"wp","href":"https:\/\/api.w.org\/{rel}","templated":true}]}}