{"id":25890,"date":"2024-01-30T11:29:03","date_gmt":"2024-01-30T10:29:03","guid":{"rendered":"https:\/\/tuszuj.pl\/?post_type=product&#038;p=25890"},"modified":"2024-05-05T16:35:46","modified_gmt":"2024-05-05T14:35:46","slug":"dlugopis-zelowy-pentel-oh-gel-czarny","status":"publish","type":"product","link":"https:\/\/tuszuj.pl\/?product=dlugopis-zelowy-pentel-oh-gel-czarny","title":{"rendered":"D\u0142ugopis \u017celowy Pentel OH! GEL Czarny"},"content":{"rendered":"<p>D\u0142ugopis \u017celowy do codziennego pisania<br \/>\nSta\u0142y przep\u0142yw tuszu<br \/>\nAtrakcyjna obudowa w romby<br \/>\nG\u0142adki, gumowy uchwyt<\/p>\n<p>Specyfikacja:<br \/>\n&#8211; szybkoschn\u0105cy tusz \u017celowy<br \/>\n&#8211; nie rozmazuje si\u0119, nie blaknie<br \/>\n&#8211; solidna obudowa dopasowuje si\u0119 do r\u0119ki<br \/>\n&#8211; d\u0142ugo\u015b\u0107 linii pisania: 650 m<br \/>\n&#8211; grubo\u015b\u0107 ko\u0144c\u00f3wki: 0.7 mm<br \/>\n&#8211; grubo\u015b\u0107 linii pisania\t0.35 mm<br \/>\n&#8211; kolor\ttusz: czarny<\/p>\n","protected":false},"excerpt":{"rendered":"<p>D\u0142ugopis \u017celowy do codziennego pisania Sta\u0142y przep\u0142yw tuszu Atrakcyjna obudowa w romby G\u0142adki, gumowy uchwyt Specyfikacja: &#8211; szybkoschn\u0105cy tusz \u017celowy &#8211; nie rozmazuje si\u0119, nie blaknie &#8211; solidna obudowa dopasowuje si\u0119 do r\u0119ki &#8211; d\u0142ugo\u015b\u0107 linii pisania: 650 m &#8211; grubo\u015b\u0107 ko\u0144c\u00f3wki: 0.7 mm &#8211; grubo\u015b\u0107 linii pisania 0.35 mm &#8211; kolor tusz: czarny<\/p>\n","protected":false},"featured_media":25891,"template":"","meta":{"jetpack_post_was_ever_published":false,"jetpack_publicize_message":"","jetpack_publicize_feature_enabled":true,"jetpack_social_post_already_shared":true,"jetpack_social_options":{"image_generator_settings":{"template":"highway","enabled":false}}},"product_cat":[278,288],"product_tag":[],"jetpack_publicize_connections":[],"jetpack_sharing_enabled":true,"_links":{"self":[{"href":"https:\/\/tuszuj.pl\/index.php?rest_route=\/wp\/v2\/product\/25890"}],"collection":[{"href":"https:\/\/tuszuj.pl\/index.php?rest_route=\/wp\/v2\/product"}],"about":[{"href":"https:\/\/tuszuj.pl\/index.php?rest_route=\/wp\/v2\/types\/product"}],"wp:featuredmedia":[{"embeddable":true,"href":"https:\/\/tuszuj.pl\/index.php?rest_route=\/wp\/v2\/media\/25891"}],"wp:attachment":[{"href":"https:\/\/tuszuj.pl\/index.php?rest_route=%2Fwp%2Fv2%2Fmedia&parent=25890"}],"wp:term":[{"taxonomy":"product_cat","embeddable":true,"href":"https:\/\/tuszuj.pl\/index.php?rest_route=%2Fwp%2Fv2%2Fproduct_cat&post=25890"},{"taxonomy":"product_tag","embeddable":true,"href":"https:\/\/tuszuj.pl\/index.php?rest_route=%2Fwp%2Fv2%2Fproduct_tag&post=25890"}],"curies":[{"name":"wp","href":"https:\/\/api.w.org\/{rel}","templated":true}]}}