{"id":25895,"date":"2024-01-30T11:36:08","date_gmt":"2024-01-30T10:36:08","guid":{"rendered":"https:\/\/tuszuj.pl\/?post_type=product&#038;p=25895"},"modified":"2024-05-05T16:35:46","modified_gmt":"2024-05-05T14:35:46","slug":"dlugopis-zelowy-pentel-oh-gel-czerwony","status":"publish","type":"product","link":"https:\/\/tuszuj.pl\/?product=dlugopis-zelowy-pentel-oh-gel-czerwony","title":{"rendered":"D\u0142ugopis \u017celowy Pentel OH! GEL Czerwony"},"content":{"rendered":"<p>D\u0142ugopis \u017celowy do codziennego pisania<br \/>\nSta\u0142y przep\u0142yw tuszu<br \/>\nAtrakcyjna obudowa w romby<br \/>\nG\u0142adki, gumowy uchwyt<\/p>\n<p>Specyfikacja:<br \/>\n\u2013 szybkoschn\u0105cy tusz \u017celowy<br \/>\n\u2013 nie rozmazuje si\u0119, nie blaknie<br \/>\n\u2013 solidna obudowa dopasowuje si\u0119 do r\u0119ki<br \/>\n\u2013 d\u0142ugo\u015b\u0107 linii pisania: 650 m<br \/>\n\u2013 grubo\u015b\u0107 ko\u0144c\u00f3wki: 0.7 mm<br \/>\n\u2013 grubo\u015b\u0107 linii pisania 0.35 mm<br \/>\n\u2013 kolor tusz: czarny<\/p>\n","protected":false},"excerpt":{"rendered":"<p>D\u0142ugopis \u017celowy do codziennego pisania Sta\u0142y przep\u0142yw tuszu Atrakcyjna obudowa w romby G\u0142adki, gumowy uchwyt Specyfikacja: \u2013 szybkoschn\u0105cy tusz \u017celowy \u2013 nie rozmazuje si\u0119, nie blaknie \u2013 solidna obudowa dopasowuje si\u0119 do r\u0119ki \u2013 d\u0142ugo\u015b\u0107 linii pisania: 650 m \u2013 grubo\u015b\u0107 ko\u0144c\u00f3wki: 0.7 mm \u2013 grubo\u015b\u0107 linii pisania 0.35 mm \u2013 kolor tusz: czarny<\/p>\n","protected":false},"featured_media":25896,"template":"","meta":{"jetpack_post_was_ever_published":false,"jetpack_publicize_message":"","jetpack_publicize_feature_enabled":true,"jetpack_social_post_already_shared":true,"jetpack_social_options":{"image_generator_settings":{"template":"highway","enabled":false}}},"product_cat":[278,288],"product_tag":[],"jetpack_publicize_connections":[],"jetpack_sharing_enabled":true,"_links":{"self":[{"href":"https:\/\/tuszuj.pl\/index.php?rest_route=\/wp\/v2\/product\/25895"}],"collection":[{"href":"https:\/\/tuszuj.pl\/index.php?rest_route=\/wp\/v2\/product"}],"about":[{"href":"https:\/\/tuszuj.pl\/index.php?rest_route=\/wp\/v2\/types\/product"}],"wp:featuredmedia":[{"embeddable":true,"href":"https:\/\/tuszuj.pl\/index.php?rest_route=\/wp\/v2\/media\/25896"}],"wp:attachment":[{"href":"https:\/\/tuszuj.pl\/index.php?rest_route=%2Fwp%2Fv2%2Fmedia&parent=25895"}],"wp:term":[{"taxonomy":"product_cat","embeddable":true,"href":"https:\/\/tuszuj.pl\/index.php?rest_route=%2Fwp%2Fv2%2Fproduct_cat&post=25895"},{"taxonomy":"product_tag","embeddable":true,"href":"https:\/\/tuszuj.pl\/index.php?rest_route=%2Fwp%2Fv2%2Fproduct_tag&post=25895"}],"curies":[{"name":"wp","href":"https:\/\/api.w.org\/{rel}","templated":true}]}}