{"id":25898,"date":"2024-01-30T13:01:51","date_gmt":"2024-01-30T12:01:51","guid":{"rendered":"https:\/\/tuszuj.pl\/?post_type=product&#038;p=25898"},"modified":"2024-05-05T16:00:05","modified_gmt":"2024-05-05T14:00:05","slug":"olowek-staedtler-noris-hb","status":"publish","type":"product","link":"https:\/\/tuszuj.pl\/?product=olowek-staedtler-noris-hb","title":{"rendered":"O\u0142\u00f3wek STAEDTLER NORIS HB"},"content":{"rendered":"<p>Specyfikacja:<br \/>\n&#8211; grafit odporny na \u0142amanie<br \/>\n&#8211; mi\u0119kka powierzchnia antypo\u015blizgowa i wysoka odporno\u015b\u0107 na pisanie, rysowanie i szkicowanie<br \/>\n&#8211; sze\u015bciok\u0105tny kszta\u0142t<br \/>\n&#8211; twardo\u015b\u0107 grafitu: HB<br \/>\n&#8211; jednostka sprzeda\u017cy: 1 sztuka<\/p>\n","protected":false},"excerpt":{"rendered":"<p>Specyfikacja: &#8211; grafit odporny na \u0142amanie &#8211; mi\u0119kka powierzchnia antypo\u015blizgowa i wysoka odporno\u015b\u0107 na pisanie, rysowanie i szkicowanie &#8211; sze\u015bciok\u0105tny kszta\u0142t &#8211; twardo\u015b\u0107 grafitu: HB &#8211; jednostka sprzeda\u017cy: 1 sztuka<\/p>\n","protected":false},"featured_media":25899,"template":"","meta":{"jetpack_post_was_ever_published":false,"jetpack_publicize_message":"","jetpack_publicize_feature_enabled":true,"jetpack_social_post_already_shared":true,"jetpack_social_options":{"image_generator_settings":{"template":"highway","enabled":false}}},"product_cat":[278,285],"product_tag":[],"jetpack_publicize_connections":[],"jetpack_sharing_enabled":true,"_links":{"self":[{"href":"https:\/\/tuszuj.pl\/index.php?rest_route=\/wp\/v2\/product\/25898"}],"collection":[{"href":"https:\/\/tuszuj.pl\/index.php?rest_route=\/wp\/v2\/product"}],"about":[{"href":"https:\/\/tuszuj.pl\/index.php?rest_route=\/wp\/v2\/types\/product"}],"wp:featuredmedia":[{"embeddable":true,"href":"https:\/\/tuszuj.pl\/index.php?rest_route=\/wp\/v2\/media\/25899"}],"wp:attachment":[{"href":"https:\/\/tuszuj.pl\/index.php?rest_route=%2Fwp%2Fv2%2Fmedia&parent=25898"}],"wp:term":[{"taxonomy":"product_cat","embeddable":true,"href":"https:\/\/tuszuj.pl\/index.php?rest_route=%2Fwp%2Fv2%2Fproduct_cat&post=25898"},{"taxonomy":"product_tag","embeddable":true,"href":"https:\/\/tuszuj.pl\/index.php?rest_route=%2Fwp%2Fv2%2Fproduct_tag&post=25898"}],"curies":[{"name":"wp","href":"https:\/\/api.w.org\/{rel}","templated":true}]}}