{"id":25909,"date":"2024-01-31T11:38:48","date_gmt":"2024-01-31T10:38:48","guid":{"rendered":"https:\/\/tuszuj.pl\/?post_type=product&#038;p=25909"},"modified":"2024-05-05T16:04:15","modified_gmt":"2024-05-05T14:04:15","slug":"zakreslacz-toma-to-334-mistral-pastel-4-szt","status":"publish","type":"product","link":"https:\/\/tuszuj.pl\/?product=zakreslacz-toma-to-334-mistral-pastel-4-szt","title":{"rendered":"Zakre\u015blacze Toma TO-334 Mistral PASTEL 4 SZT"},"content":{"rendered":"<p>Specyfikacja:<br \/>\n\u2013 Tusz odporny na dzia\u0142anie wody i \u015bwiat\u0142a<br \/>\n&#8211; pastelowe kolory<br \/>\n\u2013 \u015bci\u0119ta ko\u0144c\u00f3wka o szeroko\u015bci 1-5mm<br \/>\n\u2013 komplet 4 sztuk<\/p>\n","protected":false},"excerpt":{"rendered":"<p>Specyfikacja: \u2013 Tusz odporny na dzia\u0142anie wody i \u015bwiat\u0142a &#8211; pastelowe kolory \u2013 \u015bci\u0119ta ko\u0144c\u00f3wka o szeroko\u015bci 1-5mm \u2013 komplet 4 sztuk<\/p>\n","protected":false},"featured_media":25910,"template":"","meta":{"jetpack_post_was_ever_published":false,"jetpack_publicize_message":"","jetpack_publicize_feature_enabled":true,"jetpack_social_post_already_shared":true,"jetpack_social_options":{"image_generator_settings":{"template":"highway","enabled":false}}},"product_cat":[278,286],"product_tag":[],"jetpack_publicize_connections":[],"jetpack_sharing_enabled":true,"_links":{"self":[{"href":"https:\/\/tuszuj.pl\/index.php?rest_route=\/wp\/v2\/product\/25909"}],"collection":[{"href":"https:\/\/tuszuj.pl\/index.php?rest_route=\/wp\/v2\/product"}],"about":[{"href":"https:\/\/tuszuj.pl\/index.php?rest_route=\/wp\/v2\/types\/product"}],"wp:featuredmedia":[{"embeddable":true,"href":"https:\/\/tuszuj.pl\/index.php?rest_route=\/wp\/v2\/media\/25910"}],"wp:attachment":[{"href":"https:\/\/tuszuj.pl\/index.php?rest_route=%2Fwp%2Fv2%2Fmedia&parent=25909"}],"wp:term":[{"taxonomy":"product_cat","embeddable":true,"href":"https:\/\/tuszuj.pl\/index.php?rest_route=%2Fwp%2Fv2%2Fproduct_cat&post=25909"},{"taxonomy":"product_tag","embeddable":true,"href":"https:\/\/tuszuj.pl\/index.php?rest_route=%2Fwp%2Fv2%2Fproduct_tag&post=25909"}],"curies":[{"name":"wp","href":"https:\/\/api.w.org\/{rel}","templated":true}]}}