{"id":25917,"date":"2024-01-31T13:19:30","date_gmt":"2024-01-31T12:19:30","guid":{"rendered":"https:\/\/tuszuj.pl\/?post_type=product&#038;p=25917"},"modified":"2024-05-05T16:04:15","modified_gmt":"2024-05-05T14:04:15","slug":"zakreslacze-mini-colorino-disney-mandalorian","status":"publish","type":"product","link":"https:\/\/tuszuj.pl\/?product=zakreslacze-mini-colorino-disney-mandalorian","title":{"rendered":"Zakre\u015blacze mini Colorino Disney Mandalorian"},"content":{"rendered":"<p>Specyfikacja:<br \/>\n\u2013 linia zakre\u015blania 5 mm<br \/>\n\u2013 4 intensywne kolory neonowe<br \/>\n\u2013 \u015bci\u0119ta ko\u0144c\u00f3wka<br \/>\n\u2013 wersja mini<br \/>\n\u2013 owalny kszta\u0142t<\/p>\n","protected":false},"excerpt":{"rendered":"<p>Specyfikacja: \u2013 linia zakre\u015blania 5 mm \u2013 4 intensywne kolory neonowe \u2013 \u015bci\u0119ta ko\u0144c\u00f3wka \u2013 wersja mini \u2013 owalny kszta\u0142t<\/p>\n","protected":false},"featured_media":25919,"template":"","meta":{"jetpack_post_was_ever_published":false,"jetpack_publicize_message":"","jetpack_publicize_feature_enabled":true,"jetpack_social_post_already_shared":true,"jetpack_social_options":{"image_generator_settings":{"template":"highway","enabled":false}}},"product_cat":[278,286],"product_tag":[],"jetpack_publicize_connections":[],"jetpack_sharing_enabled":true,"_links":{"self":[{"href":"https:\/\/tuszuj.pl\/index.php?rest_route=\/wp\/v2\/product\/25917"}],"collection":[{"href":"https:\/\/tuszuj.pl\/index.php?rest_route=\/wp\/v2\/product"}],"about":[{"href":"https:\/\/tuszuj.pl\/index.php?rest_route=\/wp\/v2\/types\/product"}],"wp:featuredmedia":[{"embeddable":true,"href":"https:\/\/tuszuj.pl\/index.php?rest_route=\/wp\/v2\/media\/25919"}],"wp:attachment":[{"href":"https:\/\/tuszuj.pl\/index.php?rest_route=%2Fwp%2Fv2%2Fmedia&parent=25917"}],"wp:term":[{"taxonomy":"product_cat","embeddable":true,"href":"https:\/\/tuszuj.pl\/index.php?rest_route=%2Fwp%2Fv2%2Fproduct_cat&post=25917"},{"taxonomy":"product_tag","embeddable":true,"href":"https:\/\/tuszuj.pl\/index.php?rest_route=%2Fwp%2Fv2%2Fproduct_tag&post=25917"}],"curies":[{"name":"wp","href":"https:\/\/api.w.org\/{rel}","templated":true}]}}